{"id":1001,"date":"2022-04-04T06:45:01","date_gmt":"2022-04-04T06:45:01","guid":{"rendered":"https:\/\/www.skenni.com\/?page_id=1001"},"modified":"2023-10-09T15:14:03","modified_gmt":"2023-10-09T13:14:03","slug":"folyamatos-karbantartas","status":"publish","type":"page","link":"https:\/\/www.skenni.com\/en\/ongoing-wordpress-support-maintenance\/","title":{"rendered":"Ongoing maintenance"},"content":{"rendered":"<div data-elementor-type=\"wp-page\" data-elementor-id=\"1001\" class=\"elementor elementor-1001\" data-elementor-post-type=\"page\">\n\t\t\t\t\t\t<section class=\"elementor-section elementor-top-section elementor-element elementor-element-5d5f872 elementor-section-height-min-height elementor-section-boxed elementor-section-height-default elementor-section-items-middle\" data-id=\"5d5f872\" data-element_type=\"section\" data-settings=\"{&quot;background_background&quot;:&quot;classic&quot;}\">\n\t\t\t\t\t\t<div class=\"elementor-container elementor-column-gap-default\">\n\t\t\t\t\t<div class=\"elementor-column elementor-col-100 elementor-top-column elementor-element elementor-element-0859979\" data-id=\"0859979\" data-element_type=\"column\">\n\t\t\t<div class=\"elementor-widget-wrap elementor-element-populated\">\n\t\t\t\t\t\t<div class=\"elementor-element elementor-element-2d42f19 elementor-invisible elementor-widget elementor-widget-heading\" data-id=\"2d42f19\" data-element_type=\"widget\" data-settings=\"{&quot;_animation&quot;:&quot;fadeIn&quot;}\" data-widget_type=\"heading.default\">\n\t\t\t\t<div class=\"elementor-widget-container\">\n\t\t\t<h2 class=\"elementor-heading-title elementor-size-default\">Ongoing WordPress website maintenance,<div>support and monitoring<span style=\"font-style: inherit\"><\/span><\/div><\/h2>\t\t<\/div>\n\t\t\t\t<\/div>\n\t\t\t\t\t<\/div>\n\t\t<\/div>\n\t\t\t\t\t<\/div>\n\t\t<\/section>\n\t\t\t\t<section class=\"elementor-section elementor-top-section elementor-element elementor-element-378b0fc elementor-section-full_width elementor-section-height-default elementor-section-height-default\" data-id=\"378b0fc\" data-element_type=\"section\">\n\t\t\t\t\t\t<div class=\"elementor-container elementor-column-gap-default\">\n\t\t\t\t\t<div class=\"elementor-column elementor-col-50 elementor-top-column elementor-element elementor-element-2c84e8e\" data-id=\"2c84e8e\" data-element_type=\"column\" data-settings=\"{&quot;background_background&quot;:&quot;classic&quot;}\">\n\t\t\t<div class=\"elementor-widget-wrap elementor-element-populated\">\n\t\t\t\t\t\t<div class=\"elementor-element elementor-element-2fe68dc elementor-widget elementor-widget-spacer\" data-id=\"2fe68dc\" data-element_type=\"widget\" data-widget_type=\"spacer.default\">\n\t\t\t\t<div class=\"elementor-widget-container\">\n\t\t\t\t\t<div class=\"elementor-spacer\">\n\t\t\t<div class=\"elementor-spacer-inner\"><\/div>\n\t\t<\/div>\n\t\t\t\t<\/div>\n\t\t\t\t<\/div>\n\t\t\t\t\t<\/div>\n\t\t<\/div>\n\t\t\t\t<div class=\"elementor-column elementor-col-50 elementor-top-column elementor-element elementor-element-6da37a7\" data-id=\"6da37a7\" data-element_type=\"column\">\n\t\t\t<div class=\"elementor-widget-wrap elementor-element-populated\">\n\t\t\t\t\t\t<div class=\"elementor-element elementor-element-4cbb05c elementor-invisible elementor-widget elementor-widget-heading\" data-id=\"4cbb05c\" data-element_type=\"widget\" data-settings=\"{&quot;_animation&quot;:&quot;fadeIn&quot;}\" data-widget_type=\"heading.default\">\n\t\t\t\t<div class=\"elementor-widget-container\">\n\t\t\t<h2 class=\"elementor-heading-title elementor-size-default\">Taking over your finished website is just the tip of the iceberg.<\/h2>\t\t<\/div>\n\t\t\t\t<\/div>\n\t\t\t\t<div class=\"elementor-element elementor-element-bed2c83 elementor-widget elementor-widget-text-editor\" data-id=\"bed2c83\" data-element_type=\"widget\" data-widget_type=\"text-editor.default\">\n\t\t\t\t<div class=\"elementor-widget-container\">\n\t\t\t\t\t\t\t<div class=\"page\" title=\"Page 4\"><div class=\"section\"><div class=\"layoutArea\"><div class=\"column\"><p>You will then own the website, which can be visited by anyone who opens it using your domain name. You will also receive the passwords to access your site's admin panel and web hosting space.<\/p><p><strong>At this point, many web designers assume that the work is done and everyone is happy, but that is far from the case.<\/strong><\/p><div class=\"page\" title=\"Page 4\"><div class=\"section\"><div class=\"layoutArea\"><div class=\"column\"><p class=\" translation-block\">Even if the text and images never change, your website will require intermediate maintenance. By installing security updates regularly, your website will work correctly. After a while, it will be more exposed to external attacks, which arrive randomly from all over the world. It's like a smartphone that never gets updates installed.<\/p><\/div><\/div><\/div><\/div><\/div><\/div><\/div><\/div>\t\t\t\t\t\t<\/div>\n\t\t\t\t<\/div>\n\t\t\t\t\t<\/div>\n\t\t<\/div>\n\t\t\t\t\t<\/div>\n\t\t<\/section>\n\t\t\t\t<section class=\"elementor-section elementor-top-section elementor-element elementor-element-12f74c0 elementor-section-full_width elementor-reverse-mobile elementor-section-height-default elementor-section-height-default\" data-id=\"12f74c0\" data-element_type=\"section\">\n\t\t\t\t\t\t<div class=\"elementor-container elementor-column-gap-default\">\n\t\t\t\t\t<div class=\"elementor-column elementor-col-50 elementor-top-column elementor-element elementor-element-866b791\" data-id=\"866b791\" data-element_type=\"column\">\n\t\t\t<div class=\"elementor-widget-wrap elementor-element-populated\">\n\t\t\t\t\t\t<div class=\"elementor-element elementor-element-67d3471 elementor-invisible elementor-widget elementor-widget-heading\" data-id=\"67d3471\" data-element_type=\"widget\" data-settings=\"{&quot;_animation&quot;:&quot;fadeIn&quot;}\" data-widget_type=\"heading.default\">\n\t\t\t\t<div class=\"elementor-widget-container\">\n\t\t\t<h2 class=\"elementor-heading-title elementor-size-default\">Requires expertise<\/h2>\t\t<\/div>\n\t\t\t\t<\/div>\n\t\t\t\t<div class=\"elementor-element elementor-element-78f8adc elementor-widget elementor-widget-text-editor\" data-id=\"78f8adc\" data-element_type=\"widget\" data-widget_type=\"text-editor.default\">\n\t\t\t\t<div class=\"elementor-widget-container\">\n\t\t\t\t\t\t\t<div class=\"page\" title=\"Page 2\"><div class=\"section\"><div class=\"layoutArea\"><div class=\"column\"><div class=\"page\" title=\"Page 4\"><div class=\"section\"><div class=\"layoutArea\"><div class=\"column\"><p class=\" translation-block\">In case of a problem, it is only possible to restore your website if a recent backup package is available.<\/p><\/div><div class=\"column\"><p class=\" translation-block\">In the event of errors or when service renewal is due, you must contact hosting and domain providers, and they will ask for technical information.<\/p><p class=\" translation-block\">These tasks require some experience and knowledge of the subject. <strong>Ask yourself, once your website is delivered, can you or do you want to do these tasks?<\/strong><\/p><\/div><\/div><\/div><\/div><\/div><\/div><\/div><\/div>\t\t\t\t\t\t<\/div>\n\t\t\t\t<\/div>\n\t\t\t\t\t<\/div>\n\t\t<\/div>\n\t\t\t\t<div class=\"elementor-column elementor-col-50 elementor-top-column elementor-element elementor-element-89b2d1f\" data-id=\"89b2d1f\" data-element_type=\"column\" data-settings=\"{&quot;background_background&quot;:&quot;classic&quot;}\">\n\t\t\t<div class=\"elementor-widget-wrap elementor-element-populated\">\n\t\t\t\t\t\t<div class=\"elementor-element elementor-element-2493f13 elementor-widget elementor-widget-spacer\" data-id=\"2493f13\" data-element_type=\"widget\" data-widget_type=\"spacer.default\">\n\t\t\t\t<div class=\"elementor-widget-container\">\n\t\t\t\t\t<div class=\"elementor-spacer\">\n\t\t\t<div class=\"elementor-spacer-inner\"><\/div>\n\t\t<\/div>\n\t\t\t\t<\/div>\n\t\t\t\t<\/div>\n\t\t\t\t\t<\/div>\n\t\t<\/div>\n\t\t\t\t\t<\/div>\n\t\t<\/section>\n\t\t\t\t<section class=\"elementor-section elementor-top-section elementor-element elementor-element-310bf05 elementor-section-full_width elementor-section-height-default elementor-section-height-default\" data-id=\"310bf05\" data-element_type=\"section\">\n\t\t\t\t\t\t<div class=\"elementor-container elementor-column-gap-default\">\n\t\t\t\t\t<div class=\"elementor-column elementor-col-50 elementor-top-column elementor-element elementor-element-ea84ad9\" data-id=\"ea84ad9\" data-element_type=\"column\" data-settings=\"{&quot;background_background&quot;:&quot;classic&quot;}\">\n\t\t\t<div class=\"elementor-widget-wrap elementor-element-populated\">\n\t\t\t\t\t\t<div class=\"elementor-element elementor-element-0160c00 elementor-widget elementor-widget-spacer\" data-id=\"0160c00\" data-element_type=\"widget\" data-widget_type=\"spacer.default\">\n\t\t\t\t<div class=\"elementor-widget-container\">\n\t\t\t\t\t<div class=\"elementor-spacer\">\n\t\t\t<div class=\"elementor-spacer-inner\"><\/div>\n\t\t<\/div>\n\t\t\t\t<\/div>\n\t\t\t\t<\/div>\n\t\t\t\t\t<\/div>\n\t\t<\/div>\n\t\t\t\t<div class=\"elementor-column elementor-col-50 elementor-top-column elementor-element elementor-element-f7b9d0d\" data-id=\"f7b9d0d\" data-element_type=\"column\">\n\t\t\t<div class=\"elementor-widget-wrap elementor-element-populated\">\n\t\t\t\t\t\t<div class=\"elementor-element elementor-element-280a5d4 elementor-invisible elementor-widget elementor-widget-heading\" data-id=\"280a5d4\" data-element_type=\"widget\" data-settings=\"{&quot;_animation&quot;:&quot;fadeIn&quot;}\" data-widget_type=\"heading.default\">\n\t\t\t\t<div class=\"elementor-widget-container\">\n\t\t\t<h2 class=\"elementor-heading-title elementor-size-default\">Let us be your webmaster!<\/h2>\t\t<\/div>\n\t\t\t\t<\/div>\n\t\t\t\t<div class=\"elementor-element elementor-element-82ee5d2 elementor-widget elementor-widget-text-editor\" data-id=\"82ee5d2\" data-element_type=\"widget\" data-widget_type=\"text-editor.default\">\n\t\t\t\t<div class=\"elementor-widget-container\">\n\t\t\t\t\t\t\t<div class=\"page\" title=\"Page 4\"><div class=\"section\"><div class=\"layoutArea\"><div class=\"column\"><p>If the answer to the previous question is unclear, it is recommended to seek professional help from us.<\/p><p class=\" translation-block\"><strong>And that is why we are here, to take these tasks off your shoulders.<\/strong> While you concentrate on other aspects of your business or relax, we'll take care of your website so you can <strong>stop dealing with jargon!<\/strong><\/p><p class=\" translation-block\">With our maintenance packages, you can have your <strong>webmaster at an affordable price<\/strong>, who is on hand to take care of everything, whether it's editing text, uploading images, or correcting any errors.<\/p><p><span style=\"color: #ff6600;\"><strong>This webmaster service is specifically designed for WordPress-based websites and online stores.<\/strong><\/span><\/p><\/div><\/div><\/div><\/div>\t\t\t\t\t\t<\/div>\n\t\t\t\t<\/div>\n\t\t\t\t<div class=\"elementor-element elementor-element-40c23ef elementor-align-left elementor-widget elementor-widget-button\" data-id=\"40c23ef\" data-element_type=\"widget\" data-widget_type=\"button.default\">\n\t\t\t\t<div class=\"elementor-widget-container\">\n\t\t\t\t\t<div class=\"elementor-button-wrapper\">\n\t\t\t<a class=\"elementor-button elementor-button-link elementor-size-sm\" href=\"https:\/\/www.skenni.com\/en\/get-a-quote\/\">\n\t\t\t\t\t\t<span class=\"elementor-button-content-wrapper\">\n\t\t\t\t\t\t<span class=\"elementor-button-icon\">\n\t\t\t\t<i aria-hidden=\"true\" class=\"fas fa-long-arrow-alt-right\"><\/i>\t\t\t<\/span>\n\t\t\t\t\t\t\t\t\t<span class=\"elementor-button-text\">Have a question? Contact us!<\/span>\n\t\t\t\t\t<\/span>\n\t\t\t\t\t<\/a>\n\t\t<\/div>\n\t\t\t\t<\/div>\n\t\t\t\t<\/div>\n\t\t\t\t\t<\/div>\n\t\t<\/div>\n\t\t\t\t\t<\/div>\n\t\t<\/section>\n\t\t\t\t<section class=\"elementor-section elementor-top-section elementor-element elementor-element-596824d elementor-section-full_width elementor-section-height-default elementor-section-height-default\" data-id=\"596824d\" data-element_type=\"section\" data-settings=\"{&quot;background_background&quot;:&quot;classic&quot;}\">\n\t\t\t\t\t\t<div class=\"elementor-container elementor-column-gap-default\">\n\t\t\t\t\t<div class=\"elementor-column elementor-col-100 elementor-top-column elementor-element elementor-element-e1be1c5\" data-id=\"e1be1c5\" data-element_type=\"column\">\n\t\t\t<div class=\"elementor-widget-wrap elementor-element-populated\">\n\t\t\t\t\t\t<div class=\"elementor-element elementor-element-f4270d6 elementor-invisible elementor-widget elementor-widget-heading\" data-id=\"f4270d6\" data-element_type=\"widget\" data-settings=\"{&quot;_animation&quot;:&quot;fadeIn&quot;}\" data-widget_type=\"heading.default\">\n\t\t\t\t<div class=\"elementor-widget-container\">\n\t\t\t<h2 class=\"elementor-heading-title elementor-size-default\">Our Webmaster packages<\/h2>\t\t<\/div>\n\t\t\t\t<\/div>\n\t\t\t\t<div class=\"elementor-element elementor-element-3cd0149 elementor-widget elementor-widget-html\" data-id=\"3cd0149\" data-element_type=\"widget\" data-widget_type=\"html.default\">\n\t\t\t\t<div class=\"elementor-widget-container\">\n\t\t\t<script async src=\"https:\/\/js.stripe.com\/v3\/pricing-table.js\"><\/script>\n<stripe-pricing-table pricing-table-id=\"prctbl_1MD1wzJFs6xnVLvrt4PrQq8K\"\npublishable-key=\"pk_live_51M7FUcJFs6xnVLvrlH3Z2hqVIxqARBic9yB7nvLMaVdohYD5fwPxEi9dr4cUoWn4fH7LbwkPnz6YPa6oaBzH1c1D00V7wMCMJg\">\n<\/stripe-pricing-table><\/script>\t\t<\/div>\n\t\t\t\t<\/div>\n\t\t\t\t\t<\/div>\n\t\t<\/div>\n\t\t\t\t\t<\/div>\n\t\t<\/section>\n\t\t\t\t<section class=\"elementor-section elementor-top-section elementor-element elementor-element-776a615 elementor-section-boxed elementor-section-height-default elementor-section-height-default\" data-id=\"776a615\" data-element_type=\"section\">\n\t\t\t\t\t\t<div class=\"elementor-container elementor-column-gap-default\">\n\t\t\t\t\t<div class=\"elementor-column elementor-col-100 elementor-top-column elementor-element elementor-element-1db2341\" data-id=\"1db2341\" data-element_type=\"column\">\n\t\t\t<div class=\"elementor-widget-wrap elementor-element-populated\">\n\t\t\t\t\t\t<div class=\"elementor-element elementor-element-2b97f49 elementor-widget elementor-widget-image\" data-id=\"2b97f49\" data-element_type=\"widget\" data-widget_type=\"image.default\">\n\t\t\t\t<div class=\"elementor-widget-container\">\n\t\t\t\t\t\t\t\t\t\t\t\t\t<img fetchpriority=\"high\" decoding=\"async\" width=\"558\" height=\"228\" src=\"https:\/\/www.skenni.com\/wp-content\/uploads\/2022\/12\/klarna-on-frontpage-light.png\" class=\"attachment-medium_large size-medium_large wp-image-1693\" alt=\"\" srcset=\"https:\/\/www.skenni.com\/wp-content\/uploads\/2022\/12\/klarna-on-frontpage-light.png 558w, https:\/\/www.skenni.com\/wp-content\/uploads\/2022\/12\/klarna-on-frontpage-light-300x123.png 300w, https:\/\/www.skenni.com\/wp-content\/uploads\/2022\/12\/klarna-on-frontpage-light-18x7.png 18w\" sizes=\"(max-width: 558px) 100vw, 558px\" \/>\t\t\t\t\t\t\t\t\t\t\t\t\t<\/div>\n\t\t\t\t<\/div>\n\t\t\t\t\t<\/div>\n\t\t<\/div>\n\t\t\t\t\t<\/div>\n\t\t<\/section>\n\t\t\t\t<\/div>","protected":false},"excerpt":{"rendered":"<p>Ongoing WordPress website maintenance, operation and supervision Taking delivery of the finished website is just the tip of the iceberg You will then own the website, which can be visited by anyone on your own website. You will also receive the passwords to access your site's control panel and web hosting space. At this point, many web designers realise that their work is done and ... <a title=\"Ongoing maintenance\" class=\"read-more\" href=\"https:\/\/www.skenni.com\/en\/ongoing-wordpress-support-maintenance\/\" aria-label=\"More on Ongoing maintenance\">Read more<\/a><\/p>","protected":false},"author":1,"featured_media":0,"parent":0,"menu_order":0,"comment_status":"closed","ping_status":"closed","template":"elementor_header_footer","meta":{"footnotes":""},"class_list":["post-1001","page","type-page","status-publish"],"yoast_head":"<!-- This site is optimized with the Yoast SEO Premium plugin v21.4 (Yoast SEO v23.7) - https:\/\/yoast.com\/wordpress\/plugins\/seo\/ -->\n<title>Folyamatos karbantart\u00e1s - Skenni Web Care | Website Specialists, Florida<\/title>\n<meta name=\"robots\" content=\"index, follow, max-snippet:-1, max-image-preview:large, max-video-preview:-1\" \/>\n<link rel=\"canonical\" href=\"https:\/\/www.skenni.com\/en\/ongoing-wordpress-support-maintenance\/\" \/>\n<meta property=\"og:locale\" content=\"en_US\" \/>\n<meta property=\"og:type\" content=\"article\" \/>\n<meta property=\"og:title\" content=\"Folyamatos karbantart\u00e1s\" \/>\n<meta property=\"og:description\" content=\"Folyamatos WordPress weboldal karbantart\u00e1s,\u00fczemeltet\u00e9s \u00e9s fel\u00fcgyelet A k\u00e9sz weboldal \u00e1tv\u00e9tele csak a j\u00e9ghegy cs\u00facsa Ilyenkor az O\u0308n birtoka\u0301ba keru\u0308l a honlap, melyet ma\u0301r a saja\u0301t tulajdonu\u0301 webci\u0301me\u0301n megnyitva ba\u0301rki megla\u0301togathat. Megkapja a hozza\u0301fe\u0301re\u0301shez szu\u0308kse\u0301ges jelszavakat oldala veze\u0301rlo\u030bpultja\u0301hoz e\u0301s a webta\u0301rhelyhez is. Sok webtervezo\u030b ilyenkor elko\u0308nyveli, hogy a munka enn\u00e9l a pontn\u00e1l ve\u0301get is e\u0301rt e\u0301s ... Read more\" \/>\n<meta property=\"og:url\" content=\"https:\/\/www.skenni.com\/en\/ongoing-wordpress-support-maintenance\/\" \/>\n<meta property=\"og:site_name\" content=\"Skenni Web Care | Website Specialists, Florida\" \/>\n<meta property=\"article:publisher\" content=\"https:\/\/www.facebook.com\/skennitechnologies\/\" \/>\n<meta property=\"article:modified_time\" content=\"2023-10-09T13:14:03+00:00\" \/>\n<meta property=\"og:image\" content=\"https:\/\/www.skenni.com\/wp-content\/uploads\/2022\/12\/klarna-on-frontpage-light.png\" \/>\n<meta name=\"twitter:card\" content=\"summary_large_image\" \/>\n<meta name=\"twitter:label1\" content=\"Est. reading time\" \/>\n\t<meta name=\"twitter:data1\" content=\"2 minutes\" \/>\n<script type=\"application\/ld+json\" class=\"yoast-schema-graph\">{\"@context\":\"https:\/\/schema.org\",\"@graph\":[{\"@type\":\"WebPage\",\"@id\":\"https:\/\/www.skenni.com\/ongoing-wordpress-support-maintenance\/\",\"url\":\"https:\/\/www.skenni.com\/ongoing-wordpress-support-maintenance\/\",\"name\":\"Folyamatos karbantart\u00e1s - Skenni Web Care | Website Specialists, Florida\",\"isPartOf\":{\"@id\":\"https:\/\/www.skenni.com\/#website\"},\"primaryImageOfPage\":{\"@id\":\"https:\/\/www.skenni.com\/ongoing-wordpress-support-maintenance\/#primaryimage\"},\"image\":{\"@id\":\"https:\/\/www.skenni.com\/ongoing-wordpress-support-maintenance\/#primaryimage\"},\"thumbnailUrl\":\"https:\/\/www.skenni.com\/wp-content\/uploads\/2022\/12\/klarna-on-frontpage-light.png\",\"datePublished\":\"2022-04-04T06:45:01+00:00\",\"dateModified\":\"2023-10-09T13:14:03+00:00\",\"breadcrumb\":{\"@id\":\"https:\/\/www.skenni.com\/ongoing-wordpress-support-maintenance\/#breadcrumb\"},\"inLanguage\":\"en-US\",\"potentialAction\":[{\"@type\":\"ReadAction\",\"target\":[\"https:\/\/www.skenni.com\/ongoing-wordpress-support-maintenance\/\"]}]},{\"@type\":\"ImageObject\",\"inLanguage\":\"en-US\",\"@id\":\"https:\/\/www.skenni.com\/ongoing-wordpress-support-maintenance\/#primaryimage\",\"url\":\"https:\/\/www.skenni.com\/wp-content\/uploads\/2022\/12\/klarna-on-frontpage-light.png\",\"contentUrl\":\"https:\/\/www.skenni.com\/wp-content\/uploads\/2022\/12\/klarna-on-frontpage-light.png\"},{\"@type\":\"BreadcrumbList\",\"@id\":\"https:\/\/www.skenni.com\/ongoing-wordpress-support-maintenance\/#breadcrumb\",\"itemListElement\":[{\"@type\":\"ListItem\",\"position\":1,\"name\":\"Kezd\u0151lap\",\"item\":\"https:\/\/www.skenni.com\/en\/\"},{\"@type\":\"ListItem\",\"position\":2,\"name\":\"Folyamatos karbantart\u00e1s\"}]},{\"@type\":\"WebSite\",\"@id\":\"https:\/\/www.skenni.com\/#website\",\"url\":\"https:\/\/www.skenni.com\/\",\"name\":\"Skenni Web Care | Website Specialists, Florida\",\"description\":\"\",\"publisher\":{\"@id\":\"https:\/\/www.skenni.com\/#organization\"},\"alternateName\":\"Skenni Technologies Corporation\",\"potentialAction\":[{\"@type\":\"SearchAction\",\"target\":{\"@type\":\"EntryPoint\",\"urlTemplate\":\"https:\/\/www.skenni.com\/?s={search_term_string}\"},\"query-input\":{\"@type\":\"PropertyValueSpecification\",\"valueRequired\":true,\"valueName\":\"search_term_string\"}}],\"inLanguage\":\"en-US\"},{\"@type\":\"Organization\",\"@id\":\"https:\/\/www.skenni.com\/#organization\",\"name\":\"Skenni Web Care\",\"alternateName\":\"Skenni Technologies Corporation\",\"url\":\"https:\/\/www.skenni.com\/\",\"logo\":{\"@type\":\"ImageObject\",\"inLanguage\":\"en-US\",\"@id\":\"https:\/\/www.skenni.com\/#\/schema\/logo\/image\/\",\"url\":\"https:\/\/www.skenni.com\/wp-content\/uploads\/2022\/12\/Skenni-logo.png\",\"contentUrl\":\"https:\/\/www.skenni.com\/wp-content\/uploads\/2022\/12\/Skenni-logo.png\",\"width\":400,\"height\":400,\"caption\":\"Skenni Web Care\"},\"image\":{\"@id\":\"https:\/\/www.skenni.com\/#\/schema\/logo\/image\/\"},\"sameAs\":[\"https:\/\/www.facebook.com\/skennitechnologies\/\"]}]}<\/script>\n<!-- \/ Yoast SEO Premium plugin. -->","yoast_head_json":{"title":"Folyamatos karbantart\u00e1s - Skenni Web Care | Website Specialists, Florida","robots":{"index":"index","follow":"follow","max-snippet":"max-snippet:-1","max-image-preview":"max-image-preview:large","max-video-preview":"max-video-preview:-1"},"canonical":"https:\/\/www.skenni.com\/en\/ongoing-wordpress-support-maintenance\/","og_locale":"en_US","og_type":"article","og_title":"Folyamatos karbantart\u00e1s","og_description":"Folyamatos WordPress weboldal karbantart\u00e1s,\u00fczemeltet\u00e9s \u00e9s fel\u00fcgyelet A k\u00e9sz weboldal \u00e1tv\u00e9tele csak a j\u00e9ghegy cs\u00facsa Ilyenkor az O\u0308n birtoka\u0301ba keru\u0308l a honlap, melyet ma\u0301r a saja\u0301t tulajdonu\u0301 webci\u0301me\u0301n megnyitva ba\u0301rki megla\u0301togathat. Megkapja a hozza\u0301fe\u0301re\u0301shez szu\u0308kse\u0301ges jelszavakat oldala veze\u0301rlo\u030bpultja\u0301hoz e\u0301s a webta\u0301rhelyhez is. Sok webtervezo\u030b ilyenkor elko\u0308nyveli, hogy a munka enn\u00e9l a pontn\u00e1l ve\u0301get is e\u0301rt e\u0301s ... Read more","og_url":"https:\/\/www.skenni.com\/en\/ongoing-wordpress-support-maintenance\/","og_site_name":"Skenni Web Care | Website Specialists, Florida","article_publisher":"https:\/\/www.facebook.com\/skennitechnologies\/","article_modified_time":"2023-10-09T13:14:03+00:00","og_image":[{"url":"https:\/\/www.skenni.com\/wp-content\/uploads\/2022\/12\/klarna-on-frontpage-light.png"}],"twitter_card":"summary_large_image","twitter_misc":{"Est. reading time":"2 minutes"},"schema":{"@context":"https:\/\/schema.org","@graph":[{"@type":"WebPage","@id":"https:\/\/www.skenni.com\/ongoing-wordpress-support-maintenance\/","url":"https:\/\/www.skenni.com\/ongoing-wordpress-support-maintenance\/","name":"Folyamatos karbantart\u00e1s - Skenni Web Care | Website Specialists, Florida","isPartOf":{"@id":"https:\/\/www.skenni.com\/#website"},"primaryImageOfPage":{"@id":"https:\/\/www.skenni.com\/ongoing-wordpress-support-maintenance\/#primaryimage"},"image":{"@id":"https:\/\/www.skenni.com\/ongoing-wordpress-support-maintenance\/#primaryimage"},"thumbnailUrl":"https:\/\/www.skenni.com\/wp-content\/uploads\/2022\/12\/klarna-on-frontpage-light.png","datePublished":"2022-04-04T06:45:01+00:00","dateModified":"2023-10-09T13:14:03+00:00","breadcrumb":{"@id":"https:\/\/www.skenni.com\/ongoing-wordpress-support-maintenance\/#breadcrumb"},"inLanguage":"en-US","potentialAction":[{"@type":"ReadAction","target":["https:\/\/www.skenni.com\/ongoing-wordpress-support-maintenance\/"]}]},{"@type":"ImageObject","inLanguage":"en-US","@id":"https:\/\/www.skenni.com\/ongoing-wordpress-support-maintenance\/#primaryimage","url":"https:\/\/www.skenni.com\/wp-content\/uploads\/2022\/12\/klarna-on-frontpage-light.png","contentUrl":"https:\/\/www.skenni.com\/wp-content\/uploads\/2022\/12\/klarna-on-frontpage-light.png"},{"@type":"BreadcrumbList","@id":"https:\/\/www.skenni.com\/ongoing-wordpress-support-maintenance\/#breadcrumb","itemListElement":[{"@type":"ListItem","position":1,"name":"Kezd\u0151lap","item":"https:\/\/www.skenni.com\/en\/"},{"@type":"ListItem","position":2,"name":"Folyamatos karbantart\u00e1s"}]},{"@type":"WebSite","@id":"https:\/\/www.skenni.com\/#website","url":"https:\/\/www.skenni.com\/","name":"Skenni Web Care | Website Specialists, Florida","description":"","publisher":{"@id":"https:\/\/www.skenni.com\/#organization"},"alternateName":"Skenni Technologies Corporation","potentialAction":[{"@type":"SearchAction","target":{"@type":"EntryPoint","urlTemplate":"https:\/\/www.skenni.com\/?s={search_term_string}"},"query-input":{"@type":"PropertyValueSpecification","valueRequired":true,"valueName":"search_term_string"}}],"inLanguage":"en-US"},{"@type":"Organization","@id":"https:\/\/www.skenni.com\/#organization","name":"Skenni Web Care","alternateName":"Skenni Technologies Corporation","url":"https:\/\/www.skenni.com\/","logo":{"@type":"ImageObject","inLanguage":"en-US","@id":"https:\/\/www.skenni.com\/#\/schema\/logo\/image\/","url":"https:\/\/www.skenni.com\/wp-content\/uploads\/2022\/12\/Skenni-logo.png","contentUrl":"https:\/\/www.skenni.com\/wp-content\/uploads\/2022\/12\/Skenni-logo.png","width":400,"height":400,"caption":"Skenni Web Care"},"image":{"@id":"https:\/\/www.skenni.com\/#\/schema\/logo\/image\/"},"sameAs":["https:\/\/www.facebook.com\/skennitechnologies\/"]}]}},"_links":{"self":[{"href":"https:\/\/www.skenni.com\/en\/wp-json\/wp\/v2\/pages\/1001","targetHints":{"allow":["GET"]}}],"collection":[{"href":"https:\/\/www.skenni.com\/en\/wp-json\/wp\/v2\/pages"}],"about":[{"href":"https:\/\/www.skenni.com\/en\/wp-json\/wp\/v2\/types\/page"}],"author":[{"embeddable":true,"href":"https:\/\/www.skenni.com\/en\/wp-json\/wp\/v2\/users\/1"}],"replies":[{"embeddable":true,"href":"https:\/\/www.skenni.com\/en\/wp-json\/wp\/v2\/comments?post=1001"}],"version-history":[{"count":47,"href":"https:\/\/www.skenni.com\/en\/wp-json\/wp\/v2\/pages\/1001\/revisions"}],"predecessor-version":[{"id":2002,"href":"https:\/\/www.skenni.com\/en\/wp-json\/wp\/v2\/pages\/1001\/revisions\/2002"}],"wp:attachment":[{"href":"https:\/\/www.skenni.com\/en\/wp-json\/wp\/v2\/media?parent=1001"}],"curies":[{"name":"wp","href":"https:\/\/api.w.org\/{rel}","templated":true}]}}