{"id":1671,"date":"2022-12-12T17:01:31","date_gmt":"2022-12-12T16:01:31","guid":{"rendered":"https:\/\/www.skenni.com\/?page_id=1671"},"modified":"2023-04-24T20:14:22","modified_gmt":"2023-04-24T18:14:22","slug":"szamlafizetes","status":"publish","type":"page","link":"https:\/\/www.skenni.com\/en\/make-payment\/","title":{"rendered":"Make a Payment"},"content":{"rendered":"<div data-elementor-type=\"wp-page\" data-elementor-id=\"1671\" class=\"elementor elementor-1671\" data-elementor-post-type=\"page\">\n\t\t\t\t\t\t<section class=\"elementor-section elementor-top-section elementor-element elementor-element-4b8e1fb1 elementor-section-height-min-height elementor-section-boxed elementor-section-height-default elementor-section-items-middle\" data-id=\"4b8e1fb1\" data-element_type=\"section\" data-settings=\"{&quot;background_background&quot;:&quot;classic&quot;}\">\n\t\t\t\t\t\t<div class=\"elementor-container elementor-column-gap-default\">\n\t\t\t\t\t<div class=\"elementor-column elementor-col-100 elementor-top-column elementor-element elementor-element-42f6a731\" data-id=\"42f6a731\" data-element_type=\"column\">\n\t\t\t<div class=\"elementor-widget-wrap elementor-element-populated\">\n\t\t\t\t\t\t<div class=\"elementor-element elementor-element-1d7bf37d elementor-widget elementor-widget-theme-post-title elementor-page-title elementor-widget-heading\" data-id=\"1d7bf37d\" data-element_type=\"widget\" data-widget_type=\"theme-post-title.default\">\n\t\t\t\t<div class=\"elementor-widget-container\">\n\t\t\t<h1 class=\"elementor-heading-title elementor-size-default\">Make a Payment<\/h1>\t\t<\/div>\n\t\t\t\t<\/div>\n\t\t\t\t\t<\/div>\n\t\t<\/div>\n\t\t\t\t\t<\/div>\n\t\t<\/section>\n\t\t\t\t<section class=\"elementor-section elementor-top-section elementor-element elementor-element-4d055c29 elementor-section-boxed elementor-section-height-default elementor-section-height-default\" data-id=\"4d055c29\" data-element_type=\"section\">\n\t\t\t\t\t\t<div class=\"elementor-container elementor-column-gap-default\">\n\t\t\t\t\t<div class=\"elementor-column elementor-col-100 elementor-top-column elementor-element elementor-element-28cafeca\" data-id=\"28cafeca\" data-element_type=\"column\">\n\t\t\t<div class=\"elementor-widget-wrap elementor-element-populated\">\n\t\t\t\t\t\t<div class=\"elementor-element elementor-element-decaa8e elementor-align-center elementor-widget elementor-widget-button\" data-id=\"decaa8e\" data-element_type=\"widget\" data-widget_type=\"button.default\">\n\t\t\t\t<div class=\"elementor-widget-container\">\n\t\t\t\t\t<div class=\"elementor-button-wrapper\">\n\t\t\t<a class=\"elementor-button elementor-button-link elementor-size-lg\" href=\"https:\/\/buy.stripe.com\/aEUcOT56P0Em7ok28c\">\n\t\t\t\t\t\t<span class=\"elementor-button-content-wrapper\">\n\t\t\t\t\t\t<span class=\"elementor-button-icon\">\n\t\t\t\t<i aria-hidden=\"true\" class=\"fab fa-stripe\"><\/i>\t\t\t<\/span>\n\t\t\t\t\t\t\t\t\t<span class=\"elementor-button-text\">Payment by Credit Card<\/span>\n\t\t\t\t\t<\/span>\n\t\t\t\t\t<\/a>\n\t\t<\/div>\n\t\t\t\t<\/div>\n\t\t\t\t<\/div>\n\t\t\t\t<div class=\"elementor-element elementor-element-9f917dc elementor-widget elementor-widget-image\" data-id=\"9f917dc\" data-element_type=\"widget\" data-widget_type=\"image.default\">\n\t\t\t\t<div class=\"elementor-widget-container\">\n\t\t\t\t\t\t\t\t\t\t\t\t\t\t<a href=\"https:\/\/buy.stripe.com\/aEUcOT56P0Em7ok28c\">\n\t\t\t\t\t\t\t<img fetchpriority=\"high\" decoding=\"async\" width=\"558\" height=\"228\" src=\"https:\/\/www.skenni.com\/wp-content\/uploads\/2022\/12\/klarna-on-frontpage-light.png\" class=\"attachment-medium_large size-medium_large wp-image-1693\" alt=\"\" srcset=\"https:\/\/www.skenni.com\/wp-content\/uploads\/2022\/12\/klarna-on-frontpage-light.png 558w, https:\/\/www.skenni.com\/wp-content\/uploads\/2022\/12\/klarna-on-frontpage-light-300x123.png 300w, https:\/\/www.skenni.com\/wp-content\/uploads\/2022\/12\/klarna-on-frontpage-light-18x7.png 18w\" sizes=\"(max-width: 558px) 100vw, 558px\" \/>\t\t\t\t\t\t\t\t<\/a>\n\t\t\t\t\t\t\t\t\t\t\t\t\t<\/div>\n\t\t\t\t<\/div>\n\t\t\t\t\t<\/div>\n\t\t<\/div>\n\t\t\t\t\t<\/div>\n\t\t<\/section>\n\t\t\t\t<\/div>","protected":false},"excerpt":{"rendered":"<p>Payment by Credit Card<\/p>","protected":false},"author":1,"featured_media":0,"parent":0,"menu_order":0,"comment_status":"closed","ping_status":"closed","template":"elementor_header_footer","meta":{"footnotes":""},"class_list":["post-1671","page","type-page","status-publish"],"yoast_head":"<!-- This site is optimized with the Yoast SEO Premium plugin v21.4 (Yoast SEO v23.7) - https:\/\/yoast.com\/wordpress\/plugins\/seo\/ -->\n<title>Sz\u00e1mlafizet\u00e9s - Skenni Web Care | Website Specialists, Florida<\/title>\n<meta name=\"robots\" content=\"index, follow, max-snippet:-1, max-image-preview:large, max-video-preview:-1\" \/>\n<link rel=\"canonical\" href=\"https:\/\/www.skenni.com\/en\/make-payment\/\" \/>\n<meta property=\"og:locale\" content=\"en_US\" \/>\n<meta property=\"og:type\" content=\"article\" \/>\n<meta property=\"og:title\" content=\"Sz\u00e1mlafizet\u00e9s\" \/>\n<meta property=\"og:description\" content=\"Fizet\u00e9s bankk\u00e1rty\u00e1val\" \/>\n<meta property=\"og:url\" content=\"https:\/\/www.skenni.com\/en\/make-payment\/\" \/>\n<meta property=\"og:site_name\" content=\"Skenni Web Care | Website Specialists, Florida\" \/>\n<meta property=\"article:publisher\" content=\"https:\/\/www.facebook.com\/skennitechnologies\/\" \/>\n<meta property=\"article:modified_time\" content=\"2023-04-24T18:14:22+00:00\" \/>\n<meta property=\"og:image\" content=\"https:\/\/www.skenni.com\/wp-content\/uploads\/2022\/12\/klarna-on-frontpage-light.png\" \/>\n<meta name=\"twitter:card\" content=\"summary_large_image\" \/>\n<meta name=\"twitter:label1\" content=\"Est. reading time\" \/>\n\t<meta name=\"twitter:data1\" content=\"1 minute\" \/>\n<script type=\"application\/ld+json\" class=\"yoast-schema-graph\">{\"@context\":\"https:\/\/schema.org\",\"@graph\":[{\"@type\":\"WebPage\",\"@id\":\"https:\/\/www.skenni.com\/en\/make-payment\/\",\"url\":\"https:\/\/www.skenni.com\/en\/make-payment\/\",\"name\":\"Sz\u00e1mlafizet\u00e9s - Skenni Web Care | Website Specialists, Florida\",\"isPartOf\":{\"@id\":\"https:\/\/www.skenni.com\/#website\"},\"primaryImageOfPage\":{\"@id\":\"https:\/\/www.skenni.com\/en\/make-payment\/#primaryimage\"},\"image\":{\"@id\":\"https:\/\/www.skenni.com\/en\/make-payment\/#primaryimage\"},\"thumbnailUrl\":\"https:\/\/www.skenni.com\/wp-content\/uploads\/2022\/12\/klarna-on-frontpage-light.png\",\"datePublished\":\"2022-12-12T16:01:31+00:00\",\"dateModified\":\"2023-04-24T18:14:22+00:00\",\"breadcrumb\":{\"@id\":\"https:\/\/www.skenni.com\/en\/make-payment\/#breadcrumb\"},\"inLanguage\":\"en-US\",\"potentialAction\":[{\"@type\":\"ReadAction\",\"target\":[\"https:\/\/www.skenni.com\/en\/make-payment\/\"]}]},{\"@type\":\"ImageObject\",\"inLanguage\":\"en-US\",\"@id\":\"https:\/\/www.skenni.com\/en\/make-payment\/#primaryimage\",\"url\":\"https:\/\/www.skenni.com\/wp-content\/uploads\/2022\/12\/klarna-on-frontpage-light.png\",\"contentUrl\":\"https:\/\/www.skenni.com\/wp-content\/uploads\/2022\/12\/klarna-on-frontpage-light.png\"},{\"@type\":\"BreadcrumbList\",\"@id\":\"https:\/\/www.skenni.com\/en\/make-payment\/#breadcrumb\",\"itemListElement\":[{\"@type\":\"ListItem\",\"position\":1,\"name\":\"Kezd\u0151lap\",\"item\":\"https:\/\/www.skenni.com\/en\/\"},{\"@type\":\"ListItem\",\"position\":2,\"name\":\"Sz\u00e1mlafizet\u00e9s\"}]},{\"@type\":\"WebSite\",\"@id\":\"https:\/\/www.skenni.com\/#website\",\"url\":\"https:\/\/www.skenni.com\/\",\"name\":\"Skenni Web Care | Website Specialists, Florida\",\"description\":\"\",\"publisher\":{\"@id\":\"https:\/\/www.skenni.com\/#organization\"},\"alternateName\":\"Skenni Technologies Corporation\",\"potentialAction\":[{\"@type\":\"SearchAction\",\"target\":{\"@type\":\"EntryPoint\",\"urlTemplate\":\"https:\/\/www.skenni.com\/?s={search_term_string}\"},\"query-input\":{\"@type\":\"PropertyValueSpecification\",\"valueRequired\":true,\"valueName\":\"search_term_string\"}}],\"inLanguage\":\"en-US\"},{\"@type\":\"Organization\",\"@id\":\"https:\/\/www.skenni.com\/#organization\",\"name\":\"Skenni Web Care\",\"alternateName\":\"Skenni Technologies Corporation\",\"url\":\"https:\/\/www.skenni.com\/\",\"logo\":{\"@type\":\"ImageObject\",\"inLanguage\":\"en-US\",\"@id\":\"https:\/\/www.skenni.com\/#\/schema\/logo\/image\/\",\"url\":\"https:\/\/www.skenni.com\/wp-content\/uploads\/2022\/12\/Skenni-logo.png\",\"contentUrl\":\"https:\/\/www.skenni.com\/wp-content\/uploads\/2022\/12\/Skenni-logo.png\",\"width\":400,\"height\":400,\"caption\":\"Skenni Web Care\"},\"image\":{\"@id\":\"https:\/\/www.skenni.com\/#\/schema\/logo\/image\/\"},\"sameAs\":[\"https:\/\/www.facebook.com\/skennitechnologies\/\"]}]}<\/script>\n<!-- \/ Yoast SEO Premium plugin. -->","yoast_head_json":{"title":"Sz\u00e1mlafizet\u00e9s - Skenni Web Care | Website Specialists, Florida","robots":{"index":"index","follow":"follow","max-snippet":"max-snippet:-1","max-image-preview":"max-image-preview:large","max-video-preview":"max-video-preview:-1"},"canonical":"https:\/\/www.skenni.com\/en\/make-payment\/","og_locale":"en_US","og_type":"article","og_title":"Sz\u00e1mlafizet\u00e9s","og_description":"Fizet\u00e9s bankk\u00e1rty\u00e1val","og_url":"https:\/\/www.skenni.com\/en\/make-payment\/","og_site_name":"Skenni Web Care | Website Specialists, Florida","article_publisher":"https:\/\/www.facebook.com\/skennitechnologies\/","article_modified_time":"2023-04-24T18:14:22+00:00","og_image":[{"url":"https:\/\/www.skenni.com\/wp-content\/uploads\/2022\/12\/klarna-on-frontpage-light.png"}],"twitter_card":"summary_large_image","twitter_misc":{"Est. reading time":"1 minute"},"schema":{"@context":"https:\/\/schema.org","@graph":[{"@type":"WebPage","@id":"https:\/\/www.skenni.com\/en\/make-payment\/","url":"https:\/\/www.skenni.com\/en\/make-payment\/","name":"Sz\u00e1mlafizet\u00e9s - Skenni Web Care | Website Specialists, Florida","isPartOf":{"@id":"https:\/\/www.skenni.com\/#website"},"primaryImageOfPage":{"@id":"https:\/\/www.skenni.com\/en\/make-payment\/#primaryimage"},"image":{"@id":"https:\/\/www.skenni.com\/en\/make-payment\/#primaryimage"},"thumbnailUrl":"https:\/\/www.skenni.com\/wp-content\/uploads\/2022\/12\/klarna-on-frontpage-light.png","datePublished":"2022-12-12T16:01:31+00:00","dateModified":"2023-04-24T18:14:22+00:00","breadcrumb":{"@id":"https:\/\/www.skenni.com\/en\/make-payment\/#breadcrumb"},"inLanguage":"en-US","potentialAction":[{"@type":"ReadAction","target":["https:\/\/www.skenni.com\/en\/make-payment\/"]}]},{"@type":"ImageObject","inLanguage":"en-US","@id":"https:\/\/www.skenni.com\/en\/make-payment\/#primaryimage","url":"https:\/\/www.skenni.com\/wp-content\/uploads\/2022\/12\/klarna-on-frontpage-light.png","contentUrl":"https:\/\/www.skenni.com\/wp-content\/uploads\/2022\/12\/klarna-on-frontpage-light.png"},{"@type":"BreadcrumbList","@id":"https:\/\/www.skenni.com\/en\/make-payment\/#breadcrumb","itemListElement":[{"@type":"ListItem","position":1,"name":"Kezd\u0151lap","item":"https:\/\/www.skenni.com\/en\/"},{"@type":"ListItem","position":2,"name":"Sz\u00e1mlafizet\u00e9s"}]},{"@type":"WebSite","@id":"https:\/\/www.skenni.com\/#website","url":"https:\/\/www.skenni.com\/","name":"Skenni Web Care | Website Specialists, Florida","description":"","publisher":{"@id":"https:\/\/www.skenni.com\/#organization"},"alternateName":"Skenni Technologies Corporation","potentialAction":[{"@type":"SearchAction","target":{"@type":"EntryPoint","urlTemplate":"https:\/\/www.skenni.com\/?s={search_term_string}"},"query-input":{"@type":"PropertyValueSpecification","valueRequired":true,"valueName":"search_term_string"}}],"inLanguage":"en-US"},{"@type":"Organization","@id":"https:\/\/www.skenni.com\/#organization","name":"Skenni Web Care","alternateName":"Skenni Technologies Corporation","url":"https:\/\/www.skenni.com\/","logo":{"@type":"ImageObject","inLanguage":"en-US","@id":"https:\/\/www.skenni.com\/#\/schema\/logo\/image\/","url":"https:\/\/www.skenni.com\/wp-content\/uploads\/2022\/12\/Skenni-logo.png","contentUrl":"https:\/\/www.skenni.com\/wp-content\/uploads\/2022\/12\/Skenni-logo.png","width":400,"height":400,"caption":"Skenni Web Care"},"image":{"@id":"https:\/\/www.skenni.com\/#\/schema\/logo\/image\/"},"sameAs":["https:\/\/www.facebook.com\/skennitechnologies\/"]}]}},"_links":{"self":[{"href":"https:\/\/www.skenni.com\/en\/wp-json\/wp\/v2\/pages\/1671","targetHints":{"allow":["GET"]}}],"collection":[{"href":"https:\/\/www.skenni.com\/en\/wp-json\/wp\/v2\/pages"}],"about":[{"href":"https:\/\/www.skenni.com\/en\/wp-json\/wp\/v2\/types\/page"}],"author":[{"embeddable":true,"href":"https:\/\/www.skenni.com\/en\/wp-json\/wp\/v2\/users\/1"}],"replies":[{"embeddable":true,"href":"https:\/\/www.skenni.com\/en\/wp-json\/wp\/v2\/comments?post=1671"}],"version-history":[{"count":35,"href":"https:\/\/www.skenni.com\/en\/wp-json\/wp\/v2\/pages\/1671\/revisions"}],"predecessor-version":[{"id":1926,"href":"https:\/\/www.skenni.com\/en\/wp-json\/wp\/v2\/pages\/1671\/revisions\/1926"}],"wp:attachment":[{"href":"https:\/\/www.skenni.com\/en\/wp-json\/wp\/v2\/media?parent=1671"}],"curies":[{"name":"wp","href":"https:\/\/api.w.org\/{rel}","templated":true}]}}