{"id":1762,"date":"2022-12-13T13:11:32","date_gmt":"2022-12-13T12:11:32","guid":{"rendered":"https:\/\/www.skenni.com\/?page_id=1762"},"modified":"2022-12-13T13:17:25","modified_gmt":"2022-12-13T12:17:25","slug":"altalanos-szerzodesi-feltetelek","status":"publish","type":"page","link":"https:\/\/www.skenni.com\/en\/terms-of-service\/","title":{"rendered":"Terms of service"},"content":{"rendered":"<div data-elementor-type=\"wp-page\" data-elementor-id=\"1762\" class=\"elementor elementor-1762\" data-elementor-post-type=\"page\">\n\t\t\t\t\t\t<section class=\"elementor-section elementor-top-section elementor-element elementor-element-5d5f872 elementor-section-height-min-height elementor-section-boxed elementor-section-height-default elementor-section-items-middle\" data-id=\"5d5f872\" data-element_type=\"section\" data-settings=\"{&quot;background_background&quot;:&quot;classic&quot;}\">\n\t\t\t\t\t\t<div class=\"elementor-container elementor-column-gap-default\">\n\t\t\t\t\t<div class=\"elementor-column elementor-col-100 elementor-top-column elementor-element elementor-element-0859979\" data-id=\"0859979\" data-element_type=\"column\">\n\t\t\t<div class=\"elementor-widget-wrap elementor-element-populated\">\n\t\t\t\t\t\t<div class=\"elementor-element elementor-element-2d42f19 elementor-invisible elementor-widget elementor-widget-heading\" data-id=\"2d42f19\" data-element_type=\"widget\" data-settings=\"{&quot;_animation&quot;:&quot;fadeIn&quot;}\" data-widget_type=\"heading.default\">\n\t\t\t\t<div class=\"elementor-widget-container\">\n\t\t\t<h2 class=\"elementor-heading-title elementor-size-default\">Terms of service<\/h2>\t\t<\/div>\n\t\t\t\t<\/div>\n\t\t\t\t\t<\/div>\n\t\t<\/div>\n\t\t\t\t\t<\/div>\n\t\t<\/section>\n\t\t\t\t<section class=\"elementor-section elementor-top-section elementor-element elementor-element-efa474d elementor-section-boxed elementor-section-height-default elementor-section-height-default\" data-id=\"efa474d\" data-element_type=\"section\">\n\t\t\t\t\t\t<div class=\"elementor-container elementor-column-gap-default\">\n\t\t\t\t\t<div class=\"elementor-column elementor-col-100 elementor-top-column elementor-element elementor-element-45fc660\" data-id=\"45fc660\" data-element_type=\"column\">\n\t\t\t<div class=\"elementor-widget-wrap elementor-element-populated\">\n\t\t\t\t\t\t<div class=\"elementor-element elementor-element-e31e307 elementor-widget elementor-widget-pdf_viewer\" data-id=\"e31e307\" data-element_type=\"widget\" data-widget_type=\"pdf_viewer.default\">\n\t\t\t\t<div class=\"elementor-widget-container\">\n\t\t\t<iframe src=\"https:\/\/docs.google.com\/viewer?url=https:\/\/www.skenni.com\/wp-content\/uploads\/2022\/12\/Skenni-Techonologies-Corporation-Terms-of-Service-12_12_2022.pdf&amp;embedded=true\" style=\"display: block; margin-left: auto; margin-right: auto; width: 100%; height: 1020px;\" frameborder=\"1\" marginheight=\"0px\" marginwidth=\"0px\" allowfullscreen><\/iframe>\t\t<\/div>\n\t\t\t\t<\/div>\n\t\t\t\t\t<\/div>\n\t\t<\/div>\n\t\t\t\t\t<\/div>\n\t\t<\/section>\n\t\t\t\t<\/div>","protected":false},"excerpt":{"rendered":"<p>Terms of service<\/p>","protected":false},"author":1,"featured_media":0,"parent":0,"menu_order":0,"comment_status":"closed","ping_status":"closed","template":"elementor_header_footer","meta":{"footnotes":""},"class_list":["post-1762","page","type-page","status-publish"],"yoast_head":"<!-- This site is optimized with the Yoast SEO Premium plugin v21.4 (Yoast SEO v23.7) - https:\/\/yoast.com\/wordpress\/plugins\/seo\/ -->\n<title>\u00c1ltal\u00e1nos szerz\u0151d\u00e9si felt\u00e9telek - Skenni Web Care | Website Specialists, Florida<\/title>\n<meta name=\"robots\" content=\"index, follow, max-snippet:-1, max-image-preview:large, max-video-preview:-1\" \/>\n<link rel=\"canonical\" href=\"https:\/\/www.skenni.com\/en\/privacy-policy\/\" \/>\n<meta property=\"og:locale\" content=\"en_US\" \/>\n<meta property=\"og:type\" content=\"article\" \/>\n<meta property=\"og:title\" content=\"\u00c1ltal\u00e1nos szerz\u0151d\u00e9si felt\u00e9telek\" \/>\n<meta property=\"og:description\" content=\"\u00c1.SZ.F.\" \/>\n<meta property=\"og:url\" content=\"https:\/\/www.skenni.com\/en\/privacy-policy\/\" \/>\n<meta property=\"og:site_name\" content=\"Skenni Web Care | Website Specialists, Florida\" \/>\n<meta property=\"article:publisher\" content=\"https:\/\/www.facebook.com\/skennitechnologies\/\" \/>\n<meta property=\"article:modified_time\" content=\"2022-12-13T12:17:25+00:00\" \/>\n<meta property=\"og:image\" content=\"https:\/\/www.skenni.com\/wp-content\/uploads\/2022\/12\/Skenni-logo.png\" \/>\n\t<meta property=\"og:image:width\" content=\"400\" \/>\n\t<meta property=\"og:image:height\" content=\"400\" \/>\n\t<meta property=\"og:image:type\" content=\"image\/png\" \/>\n<meta name=\"twitter:card\" content=\"summary_large_image\" \/>\n<meta name=\"twitter:label1\" content=\"Est. reading time\" \/>\n\t<meta name=\"twitter:data1\" content=\"1 minute\" \/>\n<script type=\"application\/ld+json\" class=\"yoast-schema-graph\">{\"@context\":\"https:\/\/schema.org\",\"@graph\":[{\"@type\":\"WebPage\",\"@id\":\"https:\/\/www.skenni.com\/privacy-policy\/\",\"url\":\"https:\/\/www.skenni.com\/privacy-policy\/\",\"name\":\"\u00c1ltal\u00e1nos szerz\u0151d\u00e9si felt\u00e9telek - Skenni Web Care | Website Specialists, Florida\",\"isPartOf\":{\"@id\":\"https:\/\/www.skenni.com\/#website\"},\"datePublished\":\"2022-12-13T12:11:32+00:00\",\"dateModified\":\"2022-12-13T12:17:25+00:00\",\"breadcrumb\":{\"@id\":\"https:\/\/www.skenni.com\/privacy-policy\/#breadcrumb\"},\"inLanguage\":\"en-US\",\"potentialAction\":[{\"@type\":\"ReadAction\",\"target\":[\"https:\/\/www.skenni.com\/privacy-policy\/\"]}]},{\"@type\":\"BreadcrumbList\",\"@id\":\"https:\/\/www.skenni.com\/privacy-policy\/#breadcrumb\",\"itemListElement\":[{\"@type\":\"ListItem\",\"position\":1,\"name\":\"Kezd\u0151lap\",\"item\":\"https:\/\/www.skenni.com\/en\/\"},{\"@type\":\"ListItem\",\"position\":2,\"name\":\"\u00c1ltal\u00e1nos szerz\u0151d\u00e9si felt\u00e9telek\"}]},{\"@type\":\"WebSite\",\"@id\":\"https:\/\/www.skenni.com\/#website\",\"url\":\"https:\/\/www.skenni.com\/\",\"name\":\"Skenni Web Care | Website Specialists, Florida\",\"description\":\"\",\"publisher\":{\"@id\":\"https:\/\/www.skenni.com\/#organization\"},\"alternateName\":\"Skenni Technologies Corporation\",\"potentialAction\":[{\"@type\":\"SearchAction\",\"target\":{\"@type\":\"EntryPoint\",\"urlTemplate\":\"https:\/\/www.skenni.com\/?s={search_term_string}\"},\"query-input\":{\"@type\":\"PropertyValueSpecification\",\"valueRequired\":true,\"valueName\":\"search_term_string\"}}],\"inLanguage\":\"en-US\"},{\"@type\":\"Organization\",\"@id\":\"https:\/\/www.skenni.com\/#organization\",\"name\":\"Skenni Web Care\",\"alternateName\":\"Skenni Technologies Corporation\",\"url\":\"https:\/\/www.skenni.com\/\",\"logo\":{\"@type\":\"ImageObject\",\"inLanguage\":\"en-US\",\"@id\":\"https:\/\/www.skenni.com\/#\/schema\/logo\/image\/\",\"url\":\"https:\/\/www.skenni.com\/wp-content\/uploads\/2022\/12\/Skenni-logo.png\",\"contentUrl\":\"https:\/\/www.skenni.com\/wp-content\/uploads\/2022\/12\/Skenni-logo.png\",\"width\":400,\"height\":400,\"caption\":\"Skenni Web Care\"},\"image\":{\"@id\":\"https:\/\/www.skenni.com\/#\/schema\/logo\/image\/\"},\"sameAs\":[\"https:\/\/www.facebook.com\/skennitechnologies\/\"]}]}<\/script>\n<!-- \/ Yoast SEO Premium plugin. -->","yoast_head_json":{"title":"\u00c1ltal\u00e1nos szerz\u0151d\u00e9si felt\u00e9telek - Skenni Web Care | Website Specialists, Florida","robots":{"index":"index","follow":"follow","max-snippet":"max-snippet:-1","max-image-preview":"max-image-preview:large","max-video-preview":"max-video-preview:-1"},"canonical":"https:\/\/www.skenni.com\/en\/privacy-policy\/","og_locale":"en_US","og_type":"article","og_title":"\u00c1ltal\u00e1nos szerz\u0151d\u00e9si felt\u00e9telek","og_description":"\u00c1.SZ.F.","og_url":"https:\/\/www.skenni.com\/en\/privacy-policy\/","og_site_name":"Skenni Web Care | Website Specialists, Florida","article_publisher":"https:\/\/www.facebook.com\/skennitechnologies\/","article_modified_time":"2022-12-13T12:17:25+00:00","og_image":[{"width":400,"height":400,"url":"https:\/\/www.skenni.com\/wp-content\/uploads\/2022\/12\/Skenni-logo.png","type":"image\/png"}],"twitter_card":"summary_large_image","twitter_misc":{"Est. reading time":"1 minute"},"schema":{"@context":"https:\/\/schema.org","@graph":[{"@type":"WebPage","@id":"https:\/\/www.skenni.com\/privacy-policy\/","url":"https:\/\/www.skenni.com\/privacy-policy\/","name":"\u00c1ltal\u00e1nos szerz\u0151d\u00e9si felt\u00e9telek - Skenni Web Care | Website Specialists, Florida","isPartOf":{"@id":"https:\/\/www.skenni.com\/#website"},"datePublished":"2022-12-13T12:11:32+00:00","dateModified":"2022-12-13T12:17:25+00:00","breadcrumb":{"@id":"https:\/\/www.skenni.com\/privacy-policy\/#breadcrumb"},"inLanguage":"en-US","potentialAction":[{"@type":"ReadAction","target":["https:\/\/www.skenni.com\/privacy-policy\/"]}]},{"@type":"BreadcrumbList","@id":"https:\/\/www.skenni.com\/privacy-policy\/#breadcrumb","itemListElement":[{"@type":"ListItem","position":1,"name":"Kezd\u0151lap","item":"https:\/\/www.skenni.com\/en\/"},{"@type":"ListItem","position":2,"name":"\u00c1ltal\u00e1nos szerz\u0151d\u00e9si felt\u00e9telek"}]},{"@type":"WebSite","@id":"https:\/\/www.skenni.com\/#website","url":"https:\/\/www.skenni.com\/","name":"Skenni Web Care | Website Specialists, Florida","description":"","publisher":{"@id":"https:\/\/www.skenni.com\/#organization"},"alternateName":"Skenni Technologies Corporation","potentialAction":[{"@type":"SearchAction","target":{"@type":"EntryPoint","urlTemplate":"https:\/\/www.skenni.com\/?s={search_term_string}"},"query-input":{"@type":"PropertyValueSpecification","valueRequired":true,"valueName":"search_term_string"}}],"inLanguage":"en-US"},{"@type":"Organization","@id":"https:\/\/www.skenni.com\/#organization","name":"Skenni Web Care","alternateName":"Skenni Technologies Corporation","url":"https:\/\/www.skenni.com\/","logo":{"@type":"ImageObject","inLanguage":"en-US","@id":"https:\/\/www.skenni.com\/#\/schema\/logo\/image\/","url":"https:\/\/www.skenni.com\/wp-content\/uploads\/2022\/12\/Skenni-logo.png","contentUrl":"https:\/\/www.skenni.com\/wp-content\/uploads\/2022\/12\/Skenni-logo.png","width":400,"height":400,"caption":"Skenni Web Care"},"image":{"@id":"https:\/\/www.skenni.com\/#\/schema\/logo\/image\/"},"sameAs":["https:\/\/www.facebook.com\/skennitechnologies\/"]}]}},"_links":{"self":[{"href":"https:\/\/www.skenni.com\/en\/wp-json\/wp\/v2\/pages\/1762","targetHints":{"allow":["GET"]}}],"collection":[{"href":"https:\/\/www.skenni.com\/en\/wp-json\/wp\/v2\/pages"}],"about":[{"href":"https:\/\/www.skenni.com\/en\/wp-json\/wp\/v2\/types\/page"}],"author":[{"embeddable":true,"href":"https:\/\/www.skenni.com\/en\/wp-json\/wp\/v2\/users\/1"}],"replies":[{"embeddable":true,"href":"https:\/\/www.skenni.com\/en\/wp-json\/wp\/v2\/comments?post=1762"}],"version-history":[{"count":8,"href":"https:\/\/www.skenni.com\/en\/wp-json\/wp\/v2\/pages\/1762\/revisions"}],"predecessor-version":[{"id":1774,"href":"https:\/\/www.skenni.com\/en\/wp-json\/wp\/v2\/pages\/1762\/revisions\/1774"}],"wp:attachment":[{"href":"https:\/\/www.skenni.com\/en\/wp-json\/wp\/v2\/media?parent=1762"}],"curies":[{"name":"wp","href":"https:\/\/api.w.org\/{rel}","templated":true}]}}