{"id":896,"date":"2022-04-03T17:43:19","date_gmt":"2022-04-03T17:43:19","guid":{"rendered":"https:\/\/www.skenni.com\/?page_id=896"},"modified":"2024-10-16T11:57:34","modified_gmt":"2024-10-16T09:57:34","slug":"impresszum","status":"publish","type":"page","link":"https:\/\/www.skenni.com\/en\/company\/","title":{"rendered":"Company information"},"content":{"rendered":"<div data-elementor-type=\"wp-page\" data-elementor-id=\"896\" class=\"elementor elementor-896\" data-elementor-post-type=\"page\">\n\t\t\t\t\t\t<section class=\"elementor-section elementor-top-section elementor-element elementor-element-5d5f872 elementor-section-height-min-height elementor-section-boxed elementor-section-height-default elementor-section-items-middle\" data-id=\"5d5f872\" data-element_type=\"section\" data-settings=\"{&quot;background_background&quot;:&quot;classic&quot;}\">\n\t\t\t\t\t\t<div class=\"elementor-container elementor-column-gap-default\">\n\t\t\t\t\t<div class=\"elementor-column elementor-col-100 elementor-top-column elementor-element elementor-element-0859979\" data-id=\"0859979\" data-element_type=\"column\">\n\t\t\t<div class=\"elementor-widget-wrap elementor-element-populated\">\n\t\t\t\t\t\t<div class=\"elementor-element elementor-element-2d42f19 elementor-invisible elementor-widget elementor-widget-heading\" data-id=\"2d42f19\" data-element_type=\"widget\" data-settings=\"{&quot;_animation&quot;:&quot;fadeIn&quot;}\" data-widget_type=\"heading.default\">\n\t\t\t\t<div class=\"elementor-widget-container\">\n\t\t\t<h2 class=\"elementor-heading-title elementor-size-default\">Company information<\/h2>\t\t<\/div>\n\t\t\t\t<\/div>\n\t\t\t\t\t<\/div>\n\t\t<\/div>\n\t\t\t\t\t<\/div>\n\t\t<\/section>\n\t\t\t\t<section class=\"elementor-section elementor-top-section elementor-element elementor-element-efa474d elementor-section-boxed elementor-section-height-default elementor-section-height-default\" data-id=\"efa474d\" data-element_type=\"section\">\n\t\t\t\t\t\t<div class=\"elementor-container elementor-column-gap-default\">\n\t\t\t\t\t<div class=\"elementor-column elementor-col-50 elementor-top-column elementor-element elementor-element-45fc660\" data-id=\"45fc660\" data-element_type=\"column\">\n\t\t\t<div class=\"elementor-widget-wrap elementor-element-populated\">\n\t\t\t\t\t\t<div class=\"elementor-element elementor-element-b3d6704 elementor-widget elementor-widget-text-editor\" data-id=\"b3d6704\" data-element_type=\"widget\" data-widget_type=\"text-editor.default\">\n\t\t\t\t<div class=\"elementor-widget-container\">\n\t\t\t\t\t\t\t<p style=\"text-align: center;\"><strong>Company name:<br \/><\/strong>Skenni Technologies Corporation<\/p><p style=\"text-align: center;\"><strong>Address:<br \/><\/strong>6421 N Florida Ave, D-686, Tampa, FL 33604<strong><br \/><\/strong><\/p><p style=\"text-align: center;\"><strong>Telephone:<\/strong><br \/>+1 (813) 946-6444<\/p><p style=\"text-align: center;\"><strong>E-mail:<\/strong><br \/>hello@skenni.com<\/p>\t\t\t\t\t\t<\/div>\n\t\t\t\t<\/div>\n\t\t\t\t\t<\/div>\n\t\t<\/div>\n\t\t\t\t<div class=\"elementor-column elementor-col-50 elementor-top-column elementor-element elementor-element-db16cb0\" data-id=\"db16cb0\" data-element_type=\"column\">\n\t\t\t<div class=\"elementor-widget-wrap elementor-element-populated\">\n\t\t\t\t\t\t<div class=\"elementor-element elementor-element-e9024e4 elementor-widget elementor-widget-text-editor\" data-id=\"e9024e4\" data-element_type=\"widget\" data-widget_type=\"text-editor.default\">\n\t\t\t\t<div class=\"elementor-widget-container\">\n\t\t\t\t\t\t\t<p style=\"text-align: center;\"><strong>Document number: <br \/><\/strong>P22000090318<\/p><p style=\"text-align: center;\"><strong>Registering authority:<br \/><\/strong>Florida Department of State<\/p><p style=\"text-align: center;\"><strong>President:<br \/><\/strong>David Geresdi<strong><br \/><\/strong><\/p><p style=\"text-align: center;\"><strong>Web hosting provider: <br \/><\/strong>DigitalOcean LLC<br \/>101 Avenue of the Americas, \u202810th Floor, <br \/>New York, NY 10013<br \/>support@digitalocean.com<\/p>\t\t\t\t\t\t<\/div>\n\t\t\t\t<\/div>\n\t\t\t\t\t<\/div>\n\t\t<\/div>\n\t\t\t\t\t<\/div>\n\t\t<\/section>\n\t\t\t\t<\/div>","protected":false},"excerpt":{"rendered":"<p>Imprint Company name:Geresdi D\u00e1vid EV Registered office:2119 P\u00e9cel, Erdei utca 6. Phone:+36 (20) 448-6668 E-mail:hello@skenni.com Registration number: 53148328 Registration authority:National Tax and Customs Office Managing director:Geresdi D\u00e1vid Storage space provider:T\u00e1rhely.Eu Szolg\u00e1ltat\u00f3 Kft.1097 Budapest, K\u00f6nyves K\u00e1lm\u00e1n k\u00f6r\u00fat 12-14.support@tarhely.eu<\/p>","protected":false},"author":1,"featured_media":0,"parent":0,"menu_order":0,"comment_status":"closed","ping_status":"closed","template":"elementor_header_footer","meta":{"footnotes":""},"class_list":["post-896","page","type-page","status-publish"],"yoast_head":"<!-- This site is optimized with the Yoast SEO Premium plugin v21.4 (Yoast SEO v23.7) - https:\/\/yoast.com\/wordpress\/plugins\/seo\/ -->\n<title>Impresszum - Skenni Web Care | Website Specialists, Florida<\/title>\n<meta name=\"robots\" content=\"index, follow, max-snippet:-1, max-image-preview:large, max-video-preview:-1\" \/>\n<link rel=\"canonical\" href=\"https:\/\/www.skenni.com\/en\/company\/\" \/>\n<meta property=\"og:locale\" content=\"en_US\" \/>\n<meta property=\"og:type\" content=\"article\" \/>\n<meta property=\"og:title\" content=\"Impresszum\" \/>\n<meta property=\"og:description\" content=\"Impresszum V\u00e1llalkoz\u00e1s neve:Geresdi D\u00e1vid EV Sz\u00e9khely:2119 P\u00e9cel, Erdei utca 6. Telefon:+36 (20) 448-6668 E-mail:hello@skenni.com Nyilv\u00e1ntart\u00e1si sz\u00e1m: 53148328 Bejegyz\u0151 hat\u00f3s\u00e1g:Nemzeti Ad\u00f3- \u00e9s V\u00e1mhivatal \u00dcgyvezet\u0151:Geresdi D\u00e1vid T\u00e1rhelyszolg\u00e1ltat\u00f3: T\u00e1rhely.Eu Szolg\u00e1ltat\u00f3 Kft.1097 Budapest, K\u00f6nyves K\u00e1lm\u00e1n k\u00f6r\u00fat 12-14.support@tarhely.eu\" \/>\n<meta property=\"og:url\" content=\"https:\/\/www.skenni.com\/en\/company\/\" \/>\n<meta property=\"og:site_name\" content=\"Skenni Web Care | Website Specialists, Florida\" \/>\n<meta property=\"article:publisher\" content=\"https:\/\/www.facebook.com\/skennitechnologies\/\" \/>\n<meta property=\"article:modified_time\" content=\"2024-10-16T09:57:34+00:00\" \/>\n<meta property=\"og:image\" content=\"https:\/\/www.skenni.com\/wp-content\/uploads\/2022\/12\/Skenni-logo.png\" \/>\n\t<meta property=\"og:image:width\" content=\"400\" \/>\n\t<meta property=\"og:image:height\" content=\"400\" \/>\n\t<meta property=\"og:image:type\" content=\"image\/png\" \/>\n<meta name=\"twitter:card\" content=\"summary_large_image\" \/>\n<meta name=\"twitter:label1\" content=\"Est. reading time\" \/>\n\t<meta name=\"twitter:data1\" content=\"1 minute\" \/>\n<script type=\"application\/ld+json\" class=\"yoast-schema-graph\">{\"@context\":\"https:\/\/schema.org\",\"@graph\":[{\"@type\":\"WebPage\",\"@id\":\"https:\/\/www.skenni.com\/company\/\",\"url\":\"https:\/\/www.skenni.com\/company\/\",\"name\":\"Impresszum - Skenni Web Care | Website Specialists, Florida\",\"isPartOf\":{\"@id\":\"https:\/\/www.skenni.com\/#website\"},\"datePublished\":\"2022-04-03T17:43:19+00:00\",\"dateModified\":\"2024-10-16T09:57:34+00:00\",\"breadcrumb\":{\"@id\":\"https:\/\/www.skenni.com\/company\/#breadcrumb\"},\"inLanguage\":\"en-US\",\"potentialAction\":[{\"@type\":\"ReadAction\",\"target\":[\"https:\/\/www.skenni.com\/company\/\"]}]},{\"@type\":\"BreadcrumbList\",\"@id\":\"https:\/\/www.skenni.com\/company\/#breadcrumb\",\"itemListElement\":[{\"@type\":\"ListItem\",\"position\":1,\"name\":\"Kezd\u0151lap\",\"item\":\"https:\/\/www.skenni.com\/en\/\"},{\"@type\":\"ListItem\",\"position\":2,\"name\":\"Impresszum\"}]},{\"@type\":\"WebSite\",\"@id\":\"https:\/\/www.skenni.com\/#website\",\"url\":\"https:\/\/www.skenni.com\/\",\"name\":\"Skenni Web Care | Website Specialists, Florida\",\"description\":\"\",\"publisher\":{\"@id\":\"https:\/\/www.skenni.com\/#organization\"},\"alternateName\":\"Skenni Technologies Corporation\",\"potentialAction\":[{\"@type\":\"SearchAction\",\"target\":{\"@type\":\"EntryPoint\",\"urlTemplate\":\"https:\/\/www.skenni.com\/?s={search_term_string}\"},\"query-input\":{\"@type\":\"PropertyValueSpecification\",\"valueRequired\":true,\"valueName\":\"search_term_string\"}}],\"inLanguage\":\"en-US\"},{\"@type\":\"Organization\",\"@id\":\"https:\/\/www.skenni.com\/#organization\",\"name\":\"Skenni Web Care\",\"alternateName\":\"Skenni Technologies Corporation\",\"url\":\"https:\/\/www.skenni.com\/\",\"logo\":{\"@type\":\"ImageObject\",\"inLanguage\":\"en-US\",\"@id\":\"https:\/\/www.skenni.com\/#\/schema\/logo\/image\/\",\"url\":\"https:\/\/www.skenni.com\/wp-content\/uploads\/2022\/12\/Skenni-logo.png\",\"contentUrl\":\"https:\/\/www.skenni.com\/wp-content\/uploads\/2022\/12\/Skenni-logo.png\",\"width\":400,\"height\":400,\"caption\":\"Skenni Web Care\"},\"image\":{\"@id\":\"https:\/\/www.skenni.com\/#\/schema\/logo\/image\/\"},\"sameAs\":[\"https:\/\/www.facebook.com\/skennitechnologies\/\"]}]}<\/script>\n<!-- \/ Yoast SEO Premium plugin. -->","yoast_head_json":{"title":"Impresszum - Skenni Web Care | Website Specialists, Florida","robots":{"index":"index","follow":"follow","max-snippet":"max-snippet:-1","max-image-preview":"max-image-preview:large","max-video-preview":"max-video-preview:-1"},"canonical":"https:\/\/www.skenni.com\/en\/company\/","og_locale":"en_US","og_type":"article","og_title":"Impresszum","og_description":"Impresszum V\u00e1llalkoz\u00e1s neve:Geresdi D\u00e1vid EV Sz\u00e9khely:2119 P\u00e9cel, Erdei utca 6. Telefon:+36 (20) 448-6668 E-mail:hello@skenni.com Nyilv\u00e1ntart\u00e1si sz\u00e1m: 53148328 Bejegyz\u0151 hat\u00f3s\u00e1g:Nemzeti Ad\u00f3- \u00e9s V\u00e1mhivatal \u00dcgyvezet\u0151:Geresdi D\u00e1vid T\u00e1rhelyszolg\u00e1ltat\u00f3: T\u00e1rhely.Eu Szolg\u00e1ltat\u00f3 Kft.1097 Budapest, K\u00f6nyves K\u00e1lm\u00e1n k\u00f6r\u00fat 12-14.support@tarhely.eu","og_url":"https:\/\/www.skenni.com\/en\/company\/","og_site_name":"Skenni Web Care | Website Specialists, Florida","article_publisher":"https:\/\/www.facebook.com\/skennitechnologies\/","article_modified_time":"2024-10-16T09:57:34+00:00","og_image":[{"width":400,"height":400,"url":"https:\/\/www.skenni.com\/wp-content\/uploads\/2022\/12\/Skenni-logo.png","type":"image\/png"}],"twitter_card":"summary_large_image","twitter_misc":{"Est. reading time":"1 minute"},"schema":{"@context":"https:\/\/schema.org","@graph":[{"@type":"WebPage","@id":"https:\/\/www.skenni.com\/company\/","url":"https:\/\/www.skenni.com\/company\/","name":"Impresszum - Skenni Web Care | Website Specialists, Florida","isPartOf":{"@id":"https:\/\/www.skenni.com\/#website"},"datePublished":"2022-04-03T17:43:19+00:00","dateModified":"2024-10-16T09:57:34+00:00","breadcrumb":{"@id":"https:\/\/www.skenni.com\/company\/#breadcrumb"},"inLanguage":"en-US","potentialAction":[{"@type":"ReadAction","target":["https:\/\/www.skenni.com\/company\/"]}]},{"@type":"BreadcrumbList","@id":"https:\/\/www.skenni.com\/company\/#breadcrumb","itemListElement":[{"@type":"ListItem","position":1,"name":"Kezd\u0151lap","item":"https:\/\/www.skenni.com\/en\/"},{"@type":"ListItem","position":2,"name":"Impresszum"}]},{"@type":"WebSite","@id":"https:\/\/www.skenni.com\/#website","url":"https:\/\/www.skenni.com\/","name":"Skenni Web Care | Website Specialists, Florida","description":"","publisher":{"@id":"https:\/\/www.skenni.com\/#organization"},"alternateName":"Skenni Technologies Corporation","potentialAction":[{"@type":"SearchAction","target":{"@type":"EntryPoint","urlTemplate":"https:\/\/www.skenni.com\/?s={search_term_string}"},"query-input":{"@type":"PropertyValueSpecification","valueRequired":true,"valueName":"search_term_string"}}],"inLanguage":"en-US"},{"@type":"Organization","@id":"https:\/\/www.skenni.com\/#organization","name":"Skenni Web Care","alternateName":"Skenni Technologies Corporation","url":"https:\/\/www.skenni.com\/","logo":{"@type":"ImageObject","inLanguage":"en-US","@id":"https:\/\/www.skenni.com\/#\/schema\/logo\/image\/","url":"https:\/\/www.skenni.com\/wp-content\/uploads\/2022\/12\/Skenni-logo.png","contentUrl":"https:\/\/www.skenni.com\/wp-content\/uploads\/2022\/12\/Skenni-logo.png","width":400,"height":400,"caption":"Skenni Web Care"},"image":{"@id":"https:\/\/www.skenni.com\/#\/schema\/logo\/image\/"},"sameAs":["https:\/\/www.facebook.com\/skennitechnologies\/"]}]}},"_links":{"self":[{"href":"https:\/\/www.skenni.com\/en\/wp-json\/wp\/v2\/pages\/896","targetHints":{"allow":["GET"]}}],"collection":[{"href":"https:\/\/www.skenni.com\/en\/wp-json\/wp\/v2\/pages"}],"about":[{"href":"https:\/\/www.skenni.com\/en\/wp-json\/wp\/v2\/types\/page"}],"author":[{"embeddable":true,"href":"https:\/\/www.skenni.com\/en\/wp-json\/wp\/v2\/users\/1"}],"replies":[{"embeddable":true,"href":"https:\/\/www.skenni.com\/en\/wp-json\/wp\/v2\/comments?post=896"}],"version-history":[{"count":5,"href":"https:\/\/www.skenni.com\/en\/wp-json\/wp\/v2\/pages\/896\/revisions"}],"predecessor-version":[{"id":2129,"href":"https:\/\/www.skenni.com\/en\/wp-json\/wp\/v2\/pages\/896\/revisions\/2129"}],"wp:attachment":[{"href":"https:\/\/www.skenni.com\/en\/wp-json\/wp\/v2\/media?parent=896"}],"curies":[{"name":"wp","href":"https:\/\/api.w.org\/{rel}","templated":true}]}}