{"id":909,"date":"2022-04-03T18:09:47","date_gmt":"2022-04-03T18:09:47","guid":{"rendered":"https:\/\/www.skenni.com\/?page_id=909"},"modified":"2023-10-11T20:48:58","modified_gmt":"2023-10-11T18:48:58","slug":"referencia-munkaink","status":"publish","type":"page","link":"https:\/\/www.skenni.com\/en\/our-work\/","title":{"rendered":"Our reference works"},"content":{"rendered":"<div data-elementor-type=\"wp-page\" data-elementor-id=\"909\" class=\"elementor elementor-909\" data-elementor-post-type=\"page\">\n\t\t\t\t\t\t<section class=\"elementor-section elementor-top-section elementor-element elementor-element-5d5f872 elementor-section-height-min-height elementor-section-boxed elementor-section-height-default elementor-section-items-middle\" data-id=\"5d5f872\" data-element_type=\"section\" data-settings=\"{&quot;background_background&quot;:&quot;classic&quot;}\">\n\t\t\t\t\t\t<div class=\"elementor-container elementor-column-gap-default\">\n\t\t\t\t\t<div class=\"elementor-column elementor-col-100 elementor-top-column elementor-element elementor-element-0859979\" data-id=\"0859979\" data-element_type=\"column\">\n\t\t\t<div class=\"elementor-widget-wrap elementor-element-populated\">\n\t\t\t\t\t\t<div class=\"elementor-element elementor-element-2d42f19 elementor-invisible elementor-widget elementor-widget-heading\" data-id=\"2d42f19\" data-element_type=\"widget\" data-settings=\"{&quot;_animation&quot;:&quot;fadeIn&quot;}\" data-widget_type=\"heading.default\">\n\t\t\t\t<div class=\"elementor-widget-container\">\n\t\t\t<h2 class=\"elementor-heading-title elementor-size-default\">Our reference works<div>non-exhaustive list<\/div><\/h2>\t\t<\/div>\n\t\t\t\t<\/div>\n\t\t\t\t\t<\/div>\n\t\t<\/div>\n\t\t\t\t\t<\/div>\n\t\t<\/section>\n\t\t\t\t<section class=\"elementor-section elementor-top-section elementor-element elementor-element-510a7d4 elementor-section-full_width elementor-section-height-default elementor-section-height-default\" data-id=\"510a7d4\" data-element_type=\"section\">\n\t\t\t\t\t\t<div class=\"elementor-container elementor-column-gap-default\">\n\t\t\t\t\t<div class=\"elementor-column elementor-col-100 elementor-top-column elementor-element elementor-element-c5e6d58\" data-id=\"c5e6d58\" data-element_type=\"column\">\n\t\t\t<div class=\"elementor-widget-wrap elementor-element-populated\">\n\t\t\t\t\t\t<div class=\"elementor-element elementor-element-772c40a elementor-widget elementor-widget-shortcode\" data-id=\"772c40a\" data-element_type=\"widget\" data-widget_type=\"shortcode.default\">\n\t\t\t\t<div class=\"elementor-widget-container\">\n\t\t\t\t\t<div class=\"elementor-shortcode\"><div id=\"astra-portfolio\" class=\"astra-portfolio-wrap astra-portfolio-style-1 astra-portfolio-show-on-scroll\"\n\tdata-other-categories=\"\"\n\tdata-categories=\"\"\n\tdata-tags=\"\"\n>\n\t\t<div class=\"astra-portfolio-filters\">\n\n\t\t<!-- All Filters -->\n\t\t<div class=\"filters-wrap\">\n\t\t\t\t\t\t\t\n\t\t\t\t\t\t\t<div class=\"astra-portfolio-categories-wrap\"><\/div>\n\t\t\t\t\t\t\t\n\t\t<\/div>\n\n\t\t\n\t<\/div>\n\t\n\t<!-- All Astra Portfolio -->\n\t<div class=\"astra-portfolio-shortcode-wrap astra-portfolio-grid astra-portfolio astra-portfolio-row\"><\/div><!-- .astra-portfolio -->\n\n<\/div><!-- .astra-portfolio. -->\n\n\t\t\t<script type=\"text\/template\" id=\"tmpl-astra-portfolio-responsive-view\">\r\n\t\t\t\t<span class=\"responsive-view\">\n\t<span class=\"actions\">\n\t\t<a class=\"desktop\" href=\"#\"><span data-view=\"desktop \" class=\"active dashicons dashicons-desktop\"><\/span><\/a>\n\t\t<a class=\"tablet\" href=\"#\"><span data-view=\"tablet\" class=\"dashicons dashicons-tablet\"><\/span><\/a>\n\t\t<a class=\"mobile\" href=\"#\"><span data-view=\"mobile\" class=\"dashicons dashicons-smartphone\"><\/span><\/a>\n\t<\/span>\n<\/span>\n\t\t\t<\/script>\r\n\r\n\t\t\t\t\t\t<script type=\"text\/template\" id=\"tmpl-astra-portfolio-filters\">\r\n\r\n\t\t\t\t<# if ( data ) { #>\r\n\r\n\t<ul class=\"{{ data.args.wrapper_class }} {{ data.args.class }}\">\r\n\r\n\t\t<# if ( data.args.show_all ) { #>\r\n\t\t\t<li>\r\n\t\t\t\t<a href=\"#\" data-group=\"all\">\r\n\t\t\t\t\tAll\t\t\t\t<\/a>\r\n\t\t\t<\/li>\r\n\t\t<# } #>\r\n\r\n\t\t<# for ( key in data.items ) { #>\r\n\r\n\t\t\t<# if ( data.items[ key ].count ) { #>\r\n\r\n\t\t\t\t<li>\r\n\t\t\t\t\t<a href=\"#\" data-group='{{ data.items[ key ].id }}' class=\"{{ data.items[ key ].name }}\">\r\n\t\t\t\t\t\t{{{ data.items[ key ].name }}}\r\n\t\t\t\t\t<\/a>\r\n\t\t\t\t<\/li>\r\n\r\n\t\t\t<# } #>\r\n\r\n\t\t<# } #>\r\n\r\n\t<\/ul>\r\n<# } #>\r\n\r\n\t\t\t<\/script>\r\n\r\n\t\t\t\t\t\t<script type=\"text\/template\" id=\"tmpl-astra-portfolio-no-items-found\">\r\n\r\n\t\t\t\t<div class=\"astra-portfolio-not-found\">\n\t<p>\n\t\tNo items found.<br\/>\n\t<\/p>\n<\/div>\n\r\n\t\t\t<\/script>\r\n\r\n\t\t\t\t\t\t<script type=\"text\/template\" id=\"tmpl-astra-portfolio-list\">\r\n\r\n\t\t\t\t<# if ( data.items.length ) { #>\r\n\t<# for ( key in data.items ) {\r\n\r\n\t\tvar item_classes = '';\r\n\t\tif( 1 == data.items[ key ]['astra-site-open-in-new-tab'] )\r\n\t\t{\r\n\t\t\titem_classes = ' open-in-new-tab ';\r\n\t\t}\r\n\r\n\t\tvar open_in = data.items[ key ]['astra-site-open-portfolio-in'] || '';\r\n\r\n\t\titem_classes += ' ' + open_in + ' ';\r\n\t\tvar style = 'style-1';\r\n\t\tvar speed = '3';\r\n\t\t#>\r\n\r\n\t\t<div class=\"site-single {{ item_classes }} astra-portfolio-col-md-4 {{ data.items[ key ]['portfolio-type'] }}\" data-slug=\"{{ data.items[ key ]['slug'] }}\" data-id=\"{{data.items[ key ]['id']}}\" data-portfolio-type=\"{{data.items[ key ]['portfolio-type']}}\">\r\n\t\t\t<div class=\"inner\">\r\n\t\t\t\t\t\t\t\t<#\r\n\t\t\t\tvar css = '';\r\n\t\t\t\tif( 'style-1' == style && '' !== data.items[ key ]['thumbnail-image-url'] ) {\r\n\t\t\t\t\tcss = \"background-image:url('\"+data.items[ key ]['thumbnail-image-url']+\"'); \";\r\n\t\t\t\t\tif( '' !== speed ) {\r\n\t\t\t\t\t\tcss += \"transition: all ease-in-out \" + speed + \"s;\";\r\n\t\t\t\t\t}\r\n\t\t\t\t}\r\n\r\n\t\t\t\tvar type = data.items[ key ]['portfolio-type'] || '';\r\n\r\n\t\t\t\tswitch( type ) {\r\n\t\t\t\t\tcase 'page': \r\n\t\t\t\t\t\t\t\t\tvar permalink = data.items[ key ]['link'] || '';\r\n\t\t\t\t\t\t\t\t\tvar target = '_blank';\r\n\t\t\t\t\t\t\t\t\tif( 'same-tab' == open_in )\r\n\t\t\t\t\t\t\t\t\t{\r\n\t\t\t\t\t\t\t\t\t\ttarget = '_self';\r\n\t\t\t\t\t\t\t\t\t}\r\n\t\t\t\t\t\t\t\t\tif( 'iframe' == open_in )\r\n\t\t\t\t\t\t\t\t\t{ #>\r\n\t\t\t\t\t\t\t\t\t\t<span class=\"site-preview\" data-href=\"{{ permalink }}TB_iframe=true&width=600&height=550\" data-title=\"{{ data.items[ key ].title.rendered }}\" style=\"{{css}}\">\r\n\t\t\t\t\t\t\t\t\t<# } else { #>\r\n\t\t\t\t\t\t\t\t\t\t<a target=\"{{ target }}\" class=\"site-preview\" title=\"{{ data.items[ key ].title.rendered }}\" href=\"{{{permalink}}}\" data-elementor-open-lightbox=\"no\" style=\"{{css}}\">\r\n\t\t\t\t\t\t\t\t\t<# } #>\r\n\t\t\t\t\t\t\t\t\t\t<# if( 'style-1' !== style && '' !== data.items[ key ]['thumbnail-image-url'] ) { #>\r\n\t\t\t\t\t\t\t\t\t\t\t<img class=\"lazy\" data-src=\"{{ data.items[ key ]['thumbnail-image-url'] }}\" alt=\"{{ data.items[ key ]['thumbnail-image-meta']['alt'] }}\" title=\"{{ data.items[ key ]['thumbnail-image-meta']['title'] }}\" \/>\r\n\t\t\t\t\t\t\t\t\t\t\t<noscript>\r\n\t\t\t\t\t\t\t\t\t\t\t\t<img decoding=\"async\" src=\"{{ data.items[ key ]['thumbnail-image-url'] }}\" alt=\"{{ data.items[ key ]['thumbnail-image-meta']['alt'] }}\" title=\"{{ data.items[ key ]['thumbnail-image-meta']['title'] }}\" \/>\r\n\t\t\t\t\t\t\t\t\t\t\t<\/noscript>\r\n\t\t\t\t\t\t\t\t\t\t<# } #>\r\n\t\t\t\t\t\t\t\t\t\t\t\t\t\t\t\t\t\t\t\t<span class=\"view-demo-wrap\">\r\n\t\t\t\t\t\t\t\t\t\t\t<span class=\"view-demo\"> Quick View <\/span>\r\n\t\t\t\t\t\t\t\t\t\t<\/span>\r\n\t\t\t\t\t\t\t\t\t\t\t\t\t\t\t\t\t\t\t<# if( 'iframe' == open_in )\r\n\t\t\t\t\t\t\t\t\t{ #>\r\n\t\t\t\t\t\t\t\t\t\t<\/span>\r\n\t\t\t\t\t\t\t\t\t<# } else { #>\r\n\t\t\t\t\t\t\t\t\t\t<\/a>\r\n\t\t\t\t\t\t\t\t\t<# }\r\n\t\t\t\t\t\tbreak;\r\n\t\t\t\t\tcase 'video': \r\n\t\t\t\t\t\t\t\t\tvar video_url = data.items[ key ]['portfolio-video-url'] || '';\r\n\t\t\t\t\t\t\t\t\t#>\t\t\t\t\t\t\t\t\t\t\r\n\t\t\t\t\t\t\t\t\t<a class=\"site-preview\" title=\"{{ data.items[ key ].title.rendered }}\" href=\"{{{video_url}}}\" data-elementor-open-lightbox=\"no\" style=\"{{css}}\">\r\n\t\t\t\t\t\t\t\t\t\t<# if( 'style-1' !== style && '' !== data.items[ key ]['thumbnail-image-url'] ) { #>\r\n\t\t\t\t\t\t\t\t\t\t\t<img class=\"lazy\" data-src=\"{{ data.items[ key ]['thumbnail-image-url'] }}\" alt=\"{{ data.items[ key ]['thumbnail-image-meta']['alt'] }}\" title=\"{{ data.items[ key ]['thumbnail-image-meta']['title'] }}\" \/>\r\n\t\t\t\t\t\t\t\t\t\t\t<noscript>\r\n\t\t\t\t\t\t\t\t\t\t\t\t<img decoding=\"async\" src=\"{{ data.items[ key ]['thumbnail-image-url'] }}\" alt=\"{{ data.items[ key ]['thumbnail-image-meta']['alt'] }}\" title=\"{{ data.items[ key ]['thumbnail-image-meta']['title'] }}\" \/>\r\n\t\t\t\t\t\t\t\t\t\t\t<\/noscript>\r\n\t\t\t\t\t\t\t\t\t\t<# } #>\r\n\t\t\t\t\t\t\t\t\t\t\t\t\t\t\t\t\t\t\t\t<span class=\"view-demo-wrap\">\r\n\t\t\t\t\t\t\t\t\t\t\t<span class=\"view-demo\"> Quick View <\/span>\r\n\t\t\t\t\t\t\t\t\t\t<\/span>\r\n\t\t\t\t\t\t\t\t\t\t\t\t\t\t\t\t\t\t\t<\/a>\r\n\t\t\t\t\t\t\t\t\t<#\r\n\t\t\t\t\t\tbreak;\r\n\t\t\t\t\tcase 'image': \r\n\t\t\t\t\t\t\t\t\tvar image_url = data.items[ key ]['lightbox-image-url'] || '';\r\n\t\t\t\t\t\t\t\t\tif( '' === image_url ) {\r\n\t\t\t\t\t\t\t\t\t\timage_url = data.items[ key ]['thumbnail-image-url'] || '';\r\n\t\t\t\t\t\t\t\t\t}\r\n\t\t\t\t\t\t\t\t\t#>\r\n\t\t\t\t\t\t\t\t\t<a class=\"site-preview\" title=\"{{ data.items[ key ].title.rendered }}\" href=\"{{{image_url}}}\" data-elementor-open-lightbox=\"no\" style=\"{{css}}\">\r\n\t\t\t\t\t\t\t\t\t\t<# if( 'style-1' !== style && '' !== data.items[ key ]['thumbnail-image-url'] ) { #>\r\n\t\t\t\t\t\t\t\t\t\t\t<img class=\"lazy\" data-src=\"{{ data.items[ key ]['thumbnail-image-url'] }}\" alt=\"{{ data.items[ key ]['thumbnail-image-meta']['alt'] }}\" title=\"{{ data.items[ key ]['thumbnail-image-meta']['title'] }}\" \/>\r\n\t\t\t\t\t\t\t\t\t\t\t<noscript>\r\n\t\t\t\t\t\t\t\t\t\t\t\t<img decoding=\"async\" src=\"{{ data.items[ key ]['thumbnail-image-url'] }}\" alt=\"{{ data.items[ key ]['thumbnail-image-meta']['alt'] }}\" title=\"{{ data.items[ key ]['thumbnail-image-meta']['title'] }}\" \/>\r\n\t\t\t\t\t\t\t\t\t\t\t<\/noscript>\r\n\t\t\t\t\t\t\t\t\t\t<# } #>\r\n\t\t\t\t\t\t\t\t\t\t\t\t\t\t\t\t\t\t\t\t<span class=\"view-demo-wrap\">\r\n\t\t\t\t\t\t\t\t\t\t\t<span class=\"view-demo\"> Quick View <\/span>\r\n\t\t\t\t\t\t\t\t\t\t<\/span>\r\n\t\t\t\t\t\t\t\t\t\t\t\t\t\t\t\t\t\t\t<\/a>\r\n\t\t\t\t\t\t\t\t\t<#\r\n\t\t\t\t\t\tbreak;\r\n\r\n\t\t\t\t\tcase 'iframe': \r\n\t\t\t\t\tdefault:\r\n\r\n\t\t\t\t\t\t\t\t\tif( 1 == data.items[ key ]['astra-site-open-in-new-tab'] ) { #>\r\n\t\t\t\t\t\t\t\t\t\t<a class=\"site-preview\" href=\"{{ data.items[ key ]['astra-site-url'] }}\" target=\"_blank\" data-title=\"{{ data.items[ key ].title.rendered }}\" data-elementor-open-lightbox=\"no\" style=\"{{css}}\" aria-label=\"Visit {{ data.items[key].title.rendered }} website\">\r\n\t\t\t\t\t\t\t\t\t<# } else { #>\r\n\t\t\t\t\t\t\t\t\t\t<span class=\"site-preview\" data-href=\"{{ data.items[ key ]['astra-site-url'] }}TB_iframe=true&width=600&height=550\" data-title=\"{{ data.items[ key ].title.rendered }}\" style=\"{{css}}\" aria-label=\"Visit {{ data.items[key].title.rendered }} website\">\r\n\t\t\t\t\t\t\t\t\t<# } #>\r\n\t\t\t\t\t\t\t\t\t\t<# if( 'style-1' !== style && '' !== data.items[ key ]['thumbnail-image-url'] ) { #>\r\n\t\t\t\t\t\t\t\t\t\t\t<img class=\"lazy\" data-src=\"{{ data.items[ key ]['thumbnail-image-url'] }}\" alt=\"{{ data.items[ key ]['thumbnail-image-meta']['alt'] }}\" title=\"{{ data.items[ key ]['thumbnail-image-meta']['title'] }}\" \/>\r\n\t\t\t\t\t\t\t\t\t\t\t<noscript>\r\n\t\t\t\t\t\t\t\t\t\t\t\t<img decoding=\"async\" src=\"{{ data.items[ key ]['thumbnail-image-url'] }}\" alt=\"{{ data.items[ key ]['thumbnail-image-meta']['alt'] }}\" title=\"{{ data.items[ key ]['thumbnail-image-meta']['title'] }}\" \/>\r\n\t\t\t\t\t\t\t\t\t\t\t<\/noscript>\r\n\t\t\t\t\t\t\t\t\t\t<# } #>\r\n\t\t\t\t\t\t\t\t\t\t\t\t\t\t\t\t\t\t\t\t<span class=\"view-demo-wrap\">\r\n\t\t\t\t\t\t\t\t\t\t\t<span class=\"view-demo\"> Quick View <\/span>\r\n\t\t\t\t\t\t\t\t\t\t<\/span>\r\n\t\t\t\t\t\t\t\t\t\t\t\t\t\t\t\t\t\t\t<# if( 1 == data.items[ key ]['astra-site-open-in-new-tab'] ) { #>\r\n\t\t\t\t\t\t\t\t\t\t<\/a>\r\n\t\t\t\t\t\t\t\t\t<# } else { #>\r\n\t\t\t\t\t\t\t\t\t\t<\/span>\r\n\t\t\t\t\t\t\t\t\t<# }\r\n\t\t\t\t\t\tbreak;\r\n\t\t\t\t}\r\n\t\t\t\t#>\r\n\t\t\t\t\t\t\t\t\t<div class=\"template-meta\">\r\n\t\t\t\t\t\t<div class=\"item-title\">\r\n\t\t\t\t\t\t\t{{{ data.items[ key ].title.rendered }}}\r\n\t\t\t\t\t\t\t<# if ( data.items[ key ]['astra-site-type'] ) { #>\r\n\t\t\t\t\t\t\t\t<span class=\"site-type {{data.items[ key ]['astra-site-type']}}\">{{data.items[ key ]['astra-site-type']}}<\/span>\r\n\t\t\t\t\t\t\t<# } #>\r\n\t\t\t\t\t\t<\/div>\r\n\t\t\t\t\t<\/div>\r\n\t\t\t\t\t\t\t<\/div>\r\n\t\t<\/div>\r\n\t<# } #>\r\n<# } else { #>\r\n\t<div class=\"astra-portfolio-not-found\">\r\n\t\t<p>\r\n\t\t\tNo items found.<br\/>\r\n\t\t<\/p>\r\n\t<\/div>\r\n<# } #>\r\n\r\n\t\t\t<\/script>\r\n\t\t\t\n<script type=\"text\/template\" id=\"tmpl-astra-portfolio-load-more-sites\">\n\t<button class=\"astra-portfolio-load-more-sites\">Load More<\/button>\n<\/script>\n\n<script type=\"text\/template\" id=\"tmpl-astra-portfolio-spinner\">\n\t<span class=\"spinner is-active\"><\/span>\n<\/script>\n\n<script type=\"text\/template\" id=\"tmpl-astra-portfolio-not-found\">\n\t<span class=\"astra-portfolio-not-found\">\n\t\t<p>\n\t\t\tNo items found.<br\/>\n\t\t<\/p>\n\t<\/span>\n<\/script>\n\n<script type=\"text\/template\" id=\"tmpl-astra-portfolio-no-more-demos\">\n\t<span class=\"no-more-demos\">\n\t\t\t<\/span>\n<\/script>\n<\/div>\n\t\t\t\t<\/div>\n\t\t\t\t<\/div>\n\t\t\t\t\t<\/div>\n\t\t<\/div>\n\t\t\t\t\t<\/div>\n\t\t<\/section>\n\t\t\t\t<\/div>","protected":false},"excerpt":{"rendered":"<p>Reference works (non-exhaustive list)<\/p>","protected":false},"author":1,"featured_media":0,"parent":0,"menu_order":0,"comment_status":"closed","ping_status":"closed","template":"elementor_header_footer","meta":{"footnotes":""},"class_list":["post-909","page","type-page","status-publish"],"yoast_head":"<!-- This site is optimized with the Yoast SEO Premium plugin v21.4 (Yoast SEO v23.7) - https:\/\/yoast.com\/wordpress\/plugins\/seo\/ -->\n<title>Referencia munk\u00e1ink - Skenni Web Care | Website Specialists, Florida<\/title>\n<meta name=\"robots\" content=\"index, follow, max-snippet:-1, max-image-preview:large, max-video-preview:-1\" \/>\n<link rel=\"canonical\" href=\"https:\/\/www.skenni.com\/en\/our-work\/\" \/>\n<meta property=\"og:locale\" content=\"en_US\" \/>\n<meta property=\"og:type\" content=\"article\" \/>\n<meta property=\"og:title\" content=\"Referencia munk\u00e1ink\" \/>\n<meta property=\"og:description\" content=\"Referencia munk\u00e1inka teljess\u00e9g ig\u00e9nye n\u00e9lk\u00fcl\" \/>\n<meta property=\"og:url\" content=\"https:\/\/www.skenni.com\/en\/our-work\/\" \/>\n<meta property=\"og:site_name\" content=\"Skenni Web Care | Website Specialists, Florida\" \/>\n<meta property=\"article:publisher\" content=\"https:\/\/www.facebook.com\/skennitechnologies\/\" \/>\n<meta property=\"article:modified_time\" content=\"2023-10-11T18:48:58+00:00\" \/>\n<meta property=\"og:image\" content=\"https:\/\/www.skenni.com\/wp-content\/uploads\/2022\/12\/Skenni-logo.png\" \/>\n\t<meta property=\"og:image:width\" content=\"400\" \/>\n\t<meta property=\"og:image:height\" content=\"400\" \/>\n\t<meta property=\"og:image:type\" content=\"image\/png\" \/>\n<meta name=\"twitter:card\" content=\"summary_large_image\" \/>\n<meta name=\"twitter:label1\" content=\"Est. reading time\" \/>\n\t<meta name=\"twitter:data1\" content=\"1 minute\" \/>\n<script type=\"application\/ld+json\" class=\"yoast-schema-graph\">{\"@context\":\"https:\/\/schema.org\",\"@graph\":[{\"@type\":\"WebPage\",\"@id\":\"https:\/\/www.skenni.com\/our-work\/\",\"url\":\"https:\/\/www.skenni.com\/our-work\/\",\"name\":\"Referencia munk\u00e1ink - Skenni Web Care | Website Specialists, Florida\",\"isPartOf\":{\"@id\":\"https:\/\/www.skenni.com\/#website\"},\"datePublished\":\"2022-04-03T18:09:47+00:00\",\"dateModified\":\"2023-10-11T18:48:58+00:00\",\"breadcrumb\":{\"@id\":\"https:\/\/www.skenni.com\/our-work\/#breadcrumb\"},\"inLanguage\":\"en-US\",\"potentialAction\":[{\"@type\":\"ReadAction\",\"target\":[\"https:\/\/www.skenni.com\/our-work\/\"]}]},{\"@type\":\"BreadcrumbList\",\"@id\":\"https:\/\/www.skenni.com\/our-work\/#breadcrumb\",\"itemListElement\":[{\"@type\":\"ListItem\",\"position\":1,\"name\":\"Kezd\u0151lap\",\"item\":\"https:\/\/www.skenni.com\/en\/\"},{\"@type\":\"ListItem\",\"position\":2,\"name\":\"Referencia munk\u00e1ink\"}]},{\"@type\":\"WebSite\",\"@id\":\"https:\/\/www.skenni.com\/#website\",\"url\":\"https:\/\/www.skenni.com\/\",\"name\":\"Skenni Web Care | Website Specialists, Florida\",\"description\":\"\",\"publisher\":{\"@id\":\"https:\/\/www.skenni.com\/#organization\"},\"alternateName\":\"Skenni Technologies Corporation\",\"potentialAction\":[{\"@type\":\"SearchAction\",\"target\":{\"@type\":\"EntryPoint\",\"urlTemplate\":\"https:\/\/www.skenni.com\/?s={search_term_string}\"},\"query-input\":{\"@type\":\"PropertyValueSpecification\",\"valueRequired\":true,\"valueName\":\"search_term_string\"}}],\"inLanguage\":\"en-US\"},{\"@type\":\"Organization\",\"@id\":\"https:\/\/www.skenni.com\/#organization\",\"name\":\"Skenni Web Care\",\"alternateName\":\"Skenni Technologies Corporation\",\"url\":\"https:\/\/www.skenni.com\/\",\"logo\":{\"@type\":\"ImageObject\",\"inLanguage\":\"en-US\",\"@id\":\"https:\/\/www.skenni.com\/#\/schema\/logo\/image\/\",\"url\":\"https:\/\/www.skenni.com\/wp-content\/uploads\/2022\/12\/Skenni-logo.png\",\"contentUrl\":\"https:\/\/www.skenni.com\/wp-content\/uploads\/2022\/12\/Skenni-logo.png\",\"width\":400,\"height\":400,\"caption\":\"Skenni Web Care\"},\"image\":{\"@id\":\"https:\/\/www.skenni.com\/#\/schema\/logo\/image\/\"},\"sameAs\":[\"https:\/\/www.facebook.com\/skennitechnologies\/\"]}]}<\/script>\n<!-- \/ Yoast SEO Premium plugin. -->","yoast_head_json":{"title":"Referencia munk\u00e1ink - Skenni Web Care | Website Specialists, Florida","robots":{"index":"index","follow":"follow","max-snippet":"max-snippet:-1","max-image-preview":"max-image-preview:large","max-video-preview":"max-video-preview:-1"},"canonical":"https:\/\/www.skenni.com\/en\/our-work\/","og_locale":"en_US","og_type":"article","og_title":"Referencia munk\u00e1ink","og_description":"Referencia munk\u00e1inka teljess\u00e9g ig\u00e9nye n\u00e9lk\u00fcl","og_url":"https:\/\/www.skenni.com\/en\/our-work\/","og_site_name":"Skenni Web Care | Website Specialists, Florida","article_publisher":"https:\/\/www.facebook.com\/skennitechnologies\/","article_modified_time":"2023-10-11T18:48:58+00:00","og_image":[{"width":400,"height":400,"url":"https:\/\/www.skenni.com\/wp-content\/uploads\/2022\/12\/Skenni-logo.png","type":"image\/png"}],"twitter_card":"summary_large_image","twitter_misc":{"Est. reading time":"1 minute"},"schema":{"@context":"https:\/\/schema.org","@graph":[{"@type":"WebPage","@id":"https:\/\/www.skenni.com\/our-work\/","url":"https:\/\/www.skenni.com\/our-work\/","name":"Referencia munk\u00e1ink - Skenni Web Care | Website Specialists, Florida","isPartOf":{"@id":"https:\/\/www.skenni.com\/#website"},"datePublished":"2022-04-03T18:09:47+00:00","dateModified":"2023-10-11T18:48:58+00:00","breadcrumb":{"@id":"https:\/\/www.skenni.com\/our-work\/#breadcrumb"},"inLanguage":"en-US","potentialAction":[{"@type":"ReadAction","target":["https:\/\/www.skenni.com\/our-work\/"]}]},{"@type":"BreadcrumbList","@id":"https:\/\/www.skenni.com\/our-work\/#breadcrumb","itemListElement":[{"@type":"ListItem","position":1,"name":"Kezd\u0151lap","item":"https:\/\/www.skenni.com\/en\/"},{"@type":"ListItem","position":2,"name":"Referencia munk\u00e1ink"}]},{"@type":"WebSite","@id":"https:\/\/www.skenni.com\/#website","url":"https:\/\/www.skenni.com\/","name":"Skenni Web Care | Website Specialists, Florida","description":"","publisher":{"@id":"https:\/\/www.skenni.com\/#organization"},"alternateName":"Skenni Technologies Corporation","potentialAction":[{"@type":"SearchAction","target":{"@type":"EntryPoint","urlTemplate":"https:\/\/www.skenni.com\/?s={search_term_string}"},"query-input":{"@type":"PropertyValueSpecification","valueRequired":true,"valueName":"search_term_string"}}],"inLanguage":"en-US"},{"@type":"Organization","@id":"https:\/\/www.skenni.com\/#organization","name":"Skenni Web Care","alternateName":"Skenni Technologies Corporation","url":"https:\/\/www.skenni.com\/","logo":{"@type":"ImageObject","inLanguage":"en-US","@id":"https:\/\/www.skenni.com\/#\/schema\/logo\/image\/","url":"https:\/\/www.skenni.com\/wp-content\/uploads\/2022\/12\/Skenni-logo.png","contentUrl":"https:\/\/www.skenni.com\/wp-content\/uploads\/2022\/12\/Skenni-logo.png","width":400,"height":400,"caption":"Skenni Web Care"},"image":{"@id":"https:\/\/www.skenni.com\/#\/schema\/logo\/image\/"},"sameAs":["https:\/\/www.facebook.com\/skennitechnologies\/"]}]}},"_links":{"self":[{"href":"https:\/\/www.skenni.com\/en\/wp-json\/wp\/v2\/pages\/909","targetHints":{"allow":["GET"]}}],"collection":[{"href":"https:\/\/www.skenni.com\/en\/wp-json\/wp\/v2\/pages"}],"about":[{"href":"https:\/\/www.skenni.com\/en\/wp-json\/wp\/v2\/types\/page"}],"author":[{"embeddable":true,"href":"https:\/\/www.skenni.com\/en\/wp-json\/wp\/v2\/users\/1"}],"replies":[{"embeddable":true,"href":"https:\/\/www.skenni.com\/en\/wp-json\/wp\/v2\/comments?post=909"}],"version-history":[{"count":23,"href":"https:\/\/www.skenni.com\/en\/wp-json\/wp\/v2\/pages\/909\/revisions"}],"predecessor-version":[{"id":2085,"href":"https:\/\/www.skenni.com\/en\/wp-json\/wp\/v2\/pages\/909\/revisions\/2085"}],"wp:attachment":[{"href":"https:\/\/www.skenni.com\/en\/wp-json\/wp\/v2\/media?parent=909"}],"curies":[{"name":"wp","href":"https:\/\/api.w.org\/{rel}","templated":true}]}}